{"id":59,"date":"2023-12-14T17:55:42","date_gmt":"2023-12-14T20:55:42","guid":{"rendered":"https:\/\/67.222.158.10\/~espaconews\/?page_id=59"},"modified":"2025-12-26T15:23:27","modified_gmt":"2025-12-26T18:23:27","slug":"home-2","status":"publish","type":"page","link":"https:\/\/espaconews.com\/fr_ca\/home-2\/","title":{"rendered":"Maison"},"content":{"rendered":"<p><a href=\"https:\/\/espaconews.com\/fr_ca\/948\/como-rastrear-cualquier-celular-protege-a-tu-familia\/\"><br \/>\n<\/a><img decoding=\"async\" src=\"http:\/\/espaconews.com\/wp-content\/uploads\/sites\/142\/2024\/05\/P-550x350-1-6.jpg\" alt=\"\ud83d\udef0\ufe0f C\u00f3mo Rastrear Cualquier Celular: Protege a tu Familia\" \/><br \/>\n<!-- .elementskit-entry-thumb END --><br \/>\n<strong>21<\/strong>Peut<\/p>\n<h2>\ud83d\udef0\ufe0f Comment localiser n&#039;importe quel t\u00e9l\u00e9phone portable\u00a0: prot\u00e9gez votre famille<\/h2>\n<p><!-- .elementskit-post-body END --><br \/>\n<a href=\"https:\/\/espaconews.com\/fr_ca\/620\/monitorea-los-mensajes-para-garantizar-la-seguridad-familiar\/\"><br \/>\n<\/a><img decoding=\"async\" src=\"http:\/\/espaconews.com\/wp-content\/uploads\/sites\/142\/2024\/04\/P-550x350-2-4.jpg\" alt=\"\ud83d\udee1\ufe0fMonitorea los Mensajes para Garantizar la Seguridad Familiar\" \/><a href=\"https:\/\/espaconews.com\/fr_ca\/620\/monitorea-los-mensajes-para-garantizar-la-seguridad-familiar\/\"><br \/>\n<\/a><!-- .elementskit-entry-thumb END --><br \/>\n<strong>14<\/strong>avr<\/p>\n<h2>\ud83d\udee1\ufe0fSurveillez les messages pour assurer la s\u00e9curit\u00e9 de la famille<\/h2>\n<p><!-- .elementskit-post-body END --><br \/>\n<a href=\"https:\/\/espaconews.com\/fr_ca\/876\/la-importancia-del-monitoreo-de-mensajes\/\"><br \/>\n<\/a><img decoding=\"async\" src=\"http:\/\/espaconews.com\/wp-content\/uploads\/sites\/142\/2024\/05\/P-550x350-1-4.jpg\" alt=\"\ud83d\udee1\ufe0f La Importancia del Monitoreo de Mensajes \ud83d\udcf1\" \/><a href=\"https:\/\/espaconews.com\/fr_ca\/876\/la-importancia-del-monitoreo-de-mensajes\/\"><br \/>\n<\/a><!-- .elementskit-entry-thumb END --><br \/>\n<strong>13<\/strong>Peut<\/p>\n<h2>\ud83d\udee1\ufe0f L&#039;importance de la surveillance des messages \ud83d\udcf1<\/h2>\n<p><!-- .elementskit-post-body END --><br \/>\n<a href=\"https:\/\/espaconews.com\/fr_ca\/442\/aplicaciones-para-rescatar-tu-dinero-ganado-con-esfuerzo\/\"><br \/>\n<img decoding=\"async\" src=\"http:\/\/espaconews.com\/wp-content\/uploads\/sites\/142\/2024\/03\/P-550x350-3.jpg\" alt=\"\ud83d\uded2\ud83d\udcb0Aplicaciones para Rescatar tu Dinero Ganado con Esfuerzo\" \/><br \/>\n<\/a><!-- .elementskit-entry-thumb END --><br \/>\n<strong>04<\/strong>mer<\/p>\n<h2><a href=\"https:\/\/espaconews.com\/fr_ca\/442\/aplicaciones-para-rescatar-tu-dinero-ganado-con-esfuerzo\/\"><br \/>\n\ud83d\uded2\ud83d\udcb0Applications pour r\u00e9cup\u00e9rer votre argent durement gagn\u00e9 <\/a><\/h2>\n<p><!-- .elementskit-post-body END --><br \/>\n<a href=\"https:\/\/espaconews.com\/fr_ca\/742\/las-mejores-aplicaciones-de-gps-para-camiones\/\"><br \/>\n<img decoding=\"async\" src=\"http:\/\/espaconews.com\/wp-content\/uploads\/sites\/142\/2024\/04\/P-550x350-5-7.jpg\" alt=\"\ud83d\ude9b Las Mejores Aplicaciones de GPS para Camiones\" \/><br \/>\n<\/a><!-- .elementskit-entry-thumb END --><br \/>\n<strong>29<\/strong>avr<\/p>\n<h2><a href=\"https:\/\/espaconews.com\/fr_ca\/742\/las-mejores-aplicaciones-de-gps-para-camiones\/\"><br \/>\n\ud83d\ude9b Les meilleures applications GPS pour camions <\/a><\/h2>\n<p><!-- .elementskit-post-body END --><br \/>\n<a href=\"https:\/\/espaconews.com\/fr_ca\/615\/aprender-a-conducir-y-perder-el-miedo-al-trafico\/\"><br \/>\n<img decoding=\"async\" src=\"http:\/\/espaconews.com\/wp-content\/uploads\/sites\/142\/2024\/04\/P-550x350-7-3.jpg\" alt=\"\ud83d\ude97 Aprender a Conducir y Perder el Miedo al Tr\u00e1fico\ud83d\ude97\" \/><br \/>\n<\/a><!-- .elementskit-entry-thumb END --><br \/>\n<strong>11<\/strong>avr<\/p>\n<h2><a href=\"https:\/\/espaconews.com\/fr_ca\/615\/aprender-a-conducir-y-perder-el-miedo-al-trafico\/\"><br \/>\n\ud83d\ude97 Apprendre \u00e0 conduire et perdre sa peur de la circulation \ud83d\ude97 <\/a><\/h2>\n<p><!-- .elementskit-post-body END --><br \/>\n<a href=\"https:\/\/espaconews.com\/fr_ca\/1089\/aplicaciones-para-aumentar-la-velocidad-de-tu-celular\/\"><br \/>\n<img decoding=\"async\" src=\"http:\/\/espaconews.com\/wp-content\/uploads\/sites\/142\/2024\/06\/P-550x350-18-1.jpg\" alt=\"Aplicaciones para Aumentar la Velocidad de tu Celular\" \/><br \/>\n<\/a><!-- .elementskit-entry-thumb END --><br \/>\n25 juin 2024<\/p>\n<h2><a href=\"https:\/\/espaconews.com\/fr_ca\/1089\/aplicaciones-para-aumentar-la-velocidad-de-tu-celular\/\"><br \/>\nApplications pour augmenter votre vitesse\u2026 <\/a><\/h2>\n<article data-id=\"1081\">\n<header>\n<h4>Suivez facilement les t\u00e9l\u00e9phones<\/h4>\n<\/header>\n<p>Suite apr\u00e8s la publicit\u00e9\u2026 Prot\u00e9ger ceux que nous aimons\u2026<\/p>\n<\/article>\n<article data-id=\"1078\"><img loading=\"lazy\" decoding=\"async\" src=\"http:\/\/espaconews.com\/wp-content\/uploads\/sites\/142\/2024\/06\/P-550x350-14-300x191.jpg\" alt=\"Los 10 Coches que M\u00e1s Consumen Gasolina\" width=\"300\" height=\"191\" \/><\/p>\n<header>\n<h4><a title=\"Les 10 voitures qui consomment le plus d&#039;essence\" href=\"https:\/\/espaconews.com\/fr_ca\/1078\/los-10-coches-que-mas-consumen-gasolina\/\">Les 10 voitures qui consomment le plus d&#039;essence<\/a><\/h4>\n<\/header>\n<p>L\u2019impact de la consommation de carburant sur l\u2019environnement\u2026<\/p>\n<\/article>\n<article data-id=\"1067\"><img loading=\"lazy\" decoding=\"async\" src=\"http:\/\/espaconews.com\/wp-content\/uploads\/sites\/142\/2024\/06\/P-550x350-10-300x191.jpg\" alt=\"C\u00f3mo Medir Objetos Usando Tu Celular\" width=\"300\" height=\"191\" \/><\/p>\n<header>\n<h4><a title=\"Comment mesurer des objets \u00e0 l&#039;aide de votre t\u00e9l\u00e9phone portable\" href=\"https:\/\/espaconews.com\/fr_ca\/1067\/como-medir-objetos-usando-tu-celular\/\">Comment mesurer des objets \u00e0 l&#039;aide de votre t\u00e9l\u00e9phone portable<\/a><\/h4>\n<\/header>\n<p>Suite apr\u00e8s la publicit\u00e9\u2026 Avez-vous d\u00e9j\u00e0 eu besoin de mesurer\u2026<\/p>\n<\/article>\n<article data-id=\"1064\">\n<header>\n<h4><a title=\"Applications essentielles pour la r\u00e9cup\u00e9ration de photos\" href=\"https:\/\/espaconews.com\/fr_ca\/1064\/aplicaciones-esenciales-para-recuperar-fotos\/\">Applications essentielles pour la r\u00e9cup\u00e9ration de photos<\/a><\/h4>\n<\/header>\n<p>Suite apr\u00e8s la publicit\u00e9\u2026 Imaginez \u00eatre en voyage\u2026<\/p>\n<\/article>\n<article data-id=\"1060\">\n<header>\n<h4><a title=\"Comment r\u00e9cup\u00e9rer des photos perdues sur votre t\u00e9l\u00e9phone portable\" href=\"https:\/\/espaconews.com\/fr_ca\/1060\/como-recuperar-fotos-perdidas-en-el-celular\/\">Comment r\u00e9cup\u00e9rer des photos perdues sur votre t\u00e9l\u00e9phone portable<\/a><\/h4>\n<\/header>\n<p>Suite apr\u00e8s la pub\u2026 Perdre des photos sur son t\u00e9l\u00e9phone\u2026<\/p>\n<\/article>\n<article data-id=\"1053\"><img loading=\"lazy\" decoding=\"async\" src=\"http:\/\/espaconews.com\/wp-content\/uploads\/sites\/142\/2024\/06\/P-550x350-2-4-300x191.jpg\" alt=\"\ud83d\udd0d\u00bfC\u00f3mo Localizar tu Celular?\" width=\"300\" height=\"191\" \/><\/p>\n<header>\n<h4><a title=\"\ud83d\udd0dComment localiser votre t\u00e9l\u00e9phone portable ?\" href=\"https:\/\/espaconews.com\/fr_ca\/1053\/como-localizar-tu-celular\/\">\ud83d\udd0dComment localiser votre t\u00e9l\u00e9phone portable ?<\/a><\/h4>\n<\/header>\n<p>\ud83d\udcf1 Besoin et avantages du suivi des t\u00e9l\u00e9phones portables Suite plus tard\u2026<\/p>\n<\/article>","protected":false},"excerpt":{"rendered":"<p>21maio \ud83d\udef0\ufe0f C\u00f3mo Rastrear Cualquier Celular: Protege a tu Familia 14abr \ud83d\udee1\ufe0fMonitorea los Mensajes para Garantizar la Seguridad Familiar 13maio \ud83d\udee1\ufe0f La Importancia del Monitoreo de Mensajes \ud83d\udcf1 04mar \ud83d\uded2\ud83d\udcb0Aplicaciones para Rescatar tu Dinero Ganado con Esfuerzo 29abr \ud83d\ude9b Las Mejores Aplicaciones de GPS para Camiones 11abr \ud83d\ude97 Aprender a Conducir y Perder el Miedo [&hellip;]<\/p>","protected":false},"author":219,"featured_media":0,"parent":0,"menu_order":0,"comment_status":"closed","ping_status":"closed","template":"","meta":{"footnotes":""},"yoast_head":"<!-- This site is optimized with the Yoast SEO plugin v23.3 - https:\/\/yoast.com\/wordpress\/plugins\/seo\/ -->\n<title>Home - Espa\u00e7o News<\/title>\n<meta name=\"description\" content=\"Home. C\u00f3mo Rastrear Cualquier Celular: Protege a tu Familia\" \/>\n<meta name=\"robots\" content=\"index, follow, max-snippet:-1, max-image-preview:large, max-video-preview:-1\" \/>\n<link rel=\"canonical\" href=\"https:\/\/espaconews.com\/fr_ca\/home-2\/\" \/>\n<meta property=\"og:locale\" content=\"fr_CA\" \/>\n<meta property=\"og:type\" content=\"article\" \/>\n<meta property=\"og:title\" content=\"Home - Espa\u00e7o News\" \/>\n<meta property=\"og:description\" content=\"Home. C\u00f3mo Rastrear Cualquier Celular: Protege a tu Familia\" \/>\n<meta property=\"og:url\" content=\"https:\/\/espaconews.com\/fr_ca\/home-2\/\" \/>\n<meta property=\"og:site_name\" content=\"Espa\u00e7o News\" \/>\n<meta property=\"article:modified_time\" content=\"2025-12-26T18:23:27+00:00\" \/>\n<meta property=\"og:image\" content=\"http:\/\/espaconews.com\/wp-content\/uploads\/sites\/142\/2024\/05\/P-550x350-1-6.jpg\" \/>\n<meta name=\"twitter:card\" content=\"summary_large_image\" \/>\n<meta name=\"twitter:label1\" content=\"Est. reading time\" \/>\n\t<meta name=\"twitter:data1\" content=\"3 minutes\" \/>\n<script type=\"application\/ld+json\" class=\"yoast-schema-graph\">{\"@context\":\"https:\/\/schema.org\",\"@graph\":[{\"@type\":\"WebPage\",\"@id\":\"https:\/\/espaconews.com\/home-2\/\",\"url\":\"https:\/\/espaconews.com\/home-2\/\",\"name\":\"Home - Espa\u00e7o News\",\"isPartOf\":{\"@id\":\"http:\/\/espaconews.com\/#website\"},\"primaryImageOfPage\":{\"@id\":\"https:\/\/espaconews.com\/home-2\/#primaryimage\"},\"image\":{\"@id\":\"https:\/\/espaconews.com\/home-2\/#primaryimage\"},\"thumbnailUrl\":\"http:\/\/espaconews.com\/wp-content\/uploads\/sites\/142\/2024\/05\/P-550x350-1-6.jpg\",\"datePublished\":\"2023-12-14T20:55:42+00:00\",\"dateModified\":\"2025-12-26T18:23:27+00:00\",\"description\":\"Home. C\u00f3mo Rastrear Cualquier Celular: Protege a tu Familia\",\"breadcrumb\":{\"@id\":\"https:\/\/espaconews.com\/home-2\/#breadcrumb\"},\"inLanguage\":\"fr-CA\",\"potentialAction\":[{\"@type\":\"ReadAction\",\"target\":[\"https:\/\/espaconews.com\/home-2\/\"]}]},{\"@type\":\"ImageObject\",\"inLanguage\":\"fr-CA\",\"@id\":\"https:\/\/espaconews.com\/home-2\/#primaryimage\",\"url\":\"http:\/\/espaconews.com\/wp-content\/uploads\/sites\/142\/2024\/05\/P-550x350-1-6.jpg\",\"contentUrl\":\"http:\/\/espaconews.com\/wp-content\/uploads\/sites\/142\/2024\/05\/P-550x350-1-6.jpg\"},{\"@type\":\"BreadcrumbList\",\"@id\":\"https:\/\/espaconews.com\/home-2\/#breadcrumb\",\"itemListElement\":[{\"@type\":\"ListItem\",\"position\":1,\"name\":\"Home\",\"item\":\"http:\/\/espaconews.com\/\"},{\"@type\":\"ListItem\",\"position\":2,\"name\":\"Home\"}]},{\"@type\":\"WebSite\",\"@id\":\"http:\/\/espaconews.com\/#website\",\"url\":\"http:\/\/espaconews.com\/\",\"name\":\"Espa\u00e7o News\",\"description\":\"\",\"potentialAction\":[{\"@type\":\"SearchAction\",\"target\":{\"@type\":\"EntryPoint\",\"urlTemplate\":\"http:\/\/espaconews.com\/?s={search_term_string}\"},\"query-input\":\"required name=search_term_string\"}],\"inLanguage\":\"fr-CA\"}]}<\/script>\n<!-- \/ Yoast SEO plugin. -->","yoast_head_json":{"title":"Home - Espa\u00e7o News","description":"Home. C\u00f3mo Rastrear Cualquier Celular: Protege a tu Familia","robots":{"index":"index","follow":"follow","max-snippet":"max-snippet:-1","max-image-preview":"max-image-preview:large","max-video-preview":"max-video-preview:-1"},"canonical":"https:\/\/espaconews.com\/fr_ca\/home-2\/","og_locale":"fr_CA","og_type":"article","og_title":"Home - Espa\u00e7o News","og_description":"Home. C\u00f3mo Rastrear Cualquier Celular: Protege a tu Familia","og_url":"https:\/\/espaconews.com\/fr_ca\/home-2\/","og_site_name":"Espa\u00e7o News","article_modified_time":"2025-12-26T18:23:27+00:00","og_image":[{"url":"http:\/\/espaconews.com\/wp-content\/uploads\/sites\/142\/2024\/05\/P-550x350-1-6.jpg"}],"twitter_card":"summary_large_image","twitter_misc":{"Est. reading time":"3 minutes"},"schema":{"@context":"https:\/\/schema.org","@graph":[{"@type":"WebPage","@id":"https:\/\/espaconews.com\/home-2\/","url":"https:\/\/espaconews.com\/home-2\/","name":"Home - Espa\u00e7o News","isPartOf":{"@id":"http:\/\/espaconews.com\/#website"},"primaryImageOfPage":{"@id":"https:\/\/espaconews.com\/home-2\/#primaryimage"},"image":{"@id":"https:\/\/espaconews.com\/home-2\/#primaryimage"},"thumbnailUrl":"http:\/\/espaconews.com\/wp-content\/uploads\/sites\/142\/2024\/05\/P-550x350-1-6.jpg","datePublished":"2023-12-14T20:55:42+00:00","dateModified":"2025-12-26T18:23:27+00:00","description":"Home. C\u00f3mo Rastrear Cualquier Celular: Protege a tu Familia","breadcrumb":{"@id":"https:\/\/espaconews.com\/home-2\/#breadcrumb"},"inLanguage":"fr-CA","potentialAction":[{"@type":"ReadAction","target":["https:\/\/espaconews.com\/home-2\/"]}]},{"@type":"ImageObject","inLanguage":"fr-CA","@id":"https:\/\/espaconews.com\/home-2\/#primaryimage","url":"http:\/\/espaconews.com\/wp-content\/uploads\/sites\/142\/2024\/05\/P-550x350-1-6.jpg","contentUrl":"http:\/\/espaconews.com\/wp-content\/uploads\/sites\/142\/2024\/05\/P-550x350-1-6.jpg"},{"@type":"BreadcrumbList","@id":"https:\/\/espaconews.com\/home-2\/#breadcrumb","itemListElement":[{"@type":"ListItem","position":1,"name":"Home","item":"http:\/\/espaconews.com\/"},{"@type":"ListItem","position":2,"name":"Home"}]},{"@type":"WebSite","@id":"http:\/\/espaconews.com\/#website","url":"http:\/\/espaconews.com\/","name":"Espa\u00e7o News","description":"","potentialAction":[{"@type":"SearchAction","target":{"@type":"EntryPoint","urlTemplate":"http:\/\/espaconews.com\/?s={search_term_string}"},"query-input":"required name=search_term_string"}],"inLanguage":"fr-CA"}]}},"_links":{"self":[{"href":"https:\/\/espaconews.com\/fr_ca\/wp-json\/wp\/v2\/pages\/59"}],"collection":[{"href":"https:\/\/espaconews.com\/fr_ca\/wp-json\/wp\/v2\/pages"}],"about":[{"href":"https:\/\/espaconews.com\/fr_ca\/wp-json\/wp\/v2\/types\/page"}],"author":[{"embeddable":true,"href":"https:\/\/espaconews.com\/fr_ca\/wp-json\/wp\/v2\/users\/219"}],"replies":[{"embeddable":true,"href":"https:\/\/espaconews.com\/fr_ca\/wp-json\/wp\/v2\/comments?post=59"}],"version-history":[{"count":4,"href":"https:\/\/espaconews.com\/fr_ca\/wp-json\/wp\/v2\/pages\/59\/revisions"}],"predecessor-version":[{"id":3080,"href":"https:\/\/espaconews.com\/fr_ca\/wp-json\/wp\/v2\/pages\/59\/revisions\/3080"}],"wp:attachment":[{"href":"https:\/\/espaconews.com\/fr_ca\/wp-json\/wp\/v2\/media?parent=59"}],"curies":[{"name":"wp","href":"https:\/\/api.w.org\/{rel}","templated":true}]}}