{"id":1919,"date":"2023-12-14T14:42:16","date_gmt":"2023-12-14T17:42:16","guid":{"rendered":"https:\/\/67.222.158.10\/~espaconews\/?page_id=3"},"modified":"2025-07-21T15:10:10","modified_gmt":"2025-07-21T18:10:10","slug":"politica-de-privacidad","status":"publish","type":"page","link":"https:\/\/espaconews.com\/fr_ca\/politica-de-privacidad\/","title":{"rendered":"politique de confidentialit\u00e9"},"content":{"rendered":"<p>Votre vie priv\u00e9e est importante pour nous. Espa\u00e7o News a pour politique de respecter votre vie priv\u00e9e concernant toute information que nous collectons sur notre site web.&nbsp;<a href=\"https:\/\/espaconews.com\/fr_ca\/\">de Espa\u00e7o News<\/a>&nbsp;et sur d\u2019autres sites Web que nous poss\u00e9dons et exploitons.<\/p>\n\n\n\n<p>Nous ne vous demandons des informations personnelles que lorsque nous en avons r\u00e9ellement besoin pour vous fournir un service. Nous les collectons de mani\u00e8re juste et l\u00e9gale, avec votre consentement et votre connaissance. Nous vous informons \u00e9galement des raisons pour lesquelles nous les collectons et de la mani\u00e8re dont nous les utilisons.<\/p>\n\n\n\n<p>Nous conservons les informations collect\u00e9es uniquement le temps n\u00e9cessaire pour vous fournir le service demand\u00e9. Nous prot\u00e9geons les donn\u00e9es stock\u00e9es par des moyens commercialement acceptables afin de pr\u00e9venir la perte et le vol, ainsi que l&#039;acc\u00e8s, la divulgation, la copie, l&#039;utilisation ou la modification non autoris\u00e9s.<\/p>\n\n\n\n<p>Nous ne partageons pas d\u2019informations personnelles identifiables publiquement ou avec des tiers, sauf lorsque la loi l\u2019exige.<\/p>\n\n\n\n<p>Notre site web peut contenir des liens vers des sites externes que nous n&#039;exploitons pas. Veuillez noter que nous n&#039;avons aucun contr\u00f4le sur le contenu ou les pratiques de ces sites et ne sommes pas responsables de leurs contenus respectifs.&nbsp;&nbsp;<a href=\"https:\/\/politicaprivacidade.com\/\" rel=\"noreferrer noopener\" target=\"_blank\">politiques de confidentialit\u00e9<\/a>&nbsp;.<\/p>\n\n\n\n<p>Vous \u00eates libre de refuser notre demande de renseignements personnels, sachant que nous pourrions ne pas \u00eatre en mesure de vous fournir certains des services souhait\u00e9s.<\/p>\n\n\n\n<p>Votre utilisation continue de notre site web sera consid\u00e9r\u00e9e comme une acceptation de nos pratiques en mati\u00e8re de confidentialit\u00e9 et de donn\u00e9es personnelles. Pour toute question concernant notre gestion des donn\u00e9es utilisateur et des donn\u00e9es personnelles, veuillez nous contacter.<\/p>\n\n\n\n<ul>\n<li>Le service Google AdSense que nous utilisons pour afficher des publicit\u00e9s utilise un cookie DoubleClick pour afficher des annonces plus pertinentes sur le Web et limiter le nombre de fois qu&#039;une annonce donn\u00e9e vous est pr\u00e9sent\u00e9e.<\/li>\n\n\n\n<li>Pour plus d&#039;informations sur Google AdSense, veuillez consulter la FAQ officielle sur la confidentialit\u00e9 de Google AdSense.<\/li>\n\n\n\n<li>Nous utilisons la publicit\u00e9 pour couvrir les frais de fonctionnement de ce site web et financer son d\u00e9veloppement futur. Les cookies de publicit\u00e9 comportementale utilis\u00e9s sur ce site web sont con\u00e7us pour vous proposer la publicit\u00e9 la plus pertinente possible en suivant anonymement vos centres d&#039;int\u00e9r\u00eat et en vous pr\u00e9sentant du contenu similaire susceptible de vous int\u00e9resser.<\/li>\n\n\n\n<li>Diff\u00e9rents partenaires font de la publicit\u00e9 en notre nom, et les cookies de suivi d&#039;affiliation nous permettent simplement de voir si nos clients sont arriv\u00e9s sur le site via l&#039;un de nos sites partenaires afin que nous puissions les cr\u00e9diter de mani\u00e8re appropri\u00e9e et, le cas \u00e9ch\u00e9ant, permettre \u00e0 nos partenaires affili\u00e9s de fournir toutes les incitations qu&#039;ils peuvent vous offrir pour effectuer un achat.<\/li>\n<\/ul>\n\n\n\n<h3 class=\"wp-block-heading\">Engagement des utilisateurs<\/h3>\n\n\n\n<p>L&#039;utilisateur s&#039;engage \u00e0 faire un usage appropri\u00e9 du contenu et des informations qu&#039;Espa\u00e7o News propose sur le site Web et, \u00e0 titre d&#039;exemple mais sans s&#039;y limiter :<\/p>\n\n\n\n<ul>\n<li>A) Ne pas se livrer \u00e0 des activit\u00e9s ill\u00e9gales ou contraires \u00e0 la bonne foi et \u00e0 l\u2019ordre public ;<\/li>\n\n\n\n<li>B) Ne pas diffuser de propagande ou de contenu \u00e0 caract\u00e8re raciste, x\u00e9nophobe, de jeu, de pornographie ill\u00e9gale, de soutien au terrorisme ou portant atteinte aux droits de l\u2019homme ;<\/li>\n\n\n\n<li>C) Ne pas causer de dommages aux syst\u00e8mes physiques (mat\u00e9riels) et logiques (logiciels) d&#039;Espa\u00e7o News, de ses fournisseurs ou de tiers, ni introduire ou propager des virus informatiques ou tout autre syst\u00e8me physique ou logique pouvant causer les dommages susmentionn\u00e9s.<\/li>\n<\/ul>\n\n\n\n<h3 class=\"wp-block-heading\">Plus d&#039;informations<\/h3>\n\n\n\n<p>Nous esp\u00e9rons que cela a clarifi\u00e9 les choses pour vous, et comme mentionn\u00e9 pr\u00e9c\u00e9demment, s&#039;il y a quelque chose dont vous n&#039;\u00eates pas s\u00fbr d&#039;avoir besoin ou non, il est g\u00e9n\u00e9ralement plus s\u00fbr de laisser les cookies activ\u00e9s au cas o\u00f9 ils interagiraient avec l&#039;une des fonctionnalit\u00e9s que vous utilisez sur notre site.<\/p>\n\n\n\n<p>Cette politique entre en vigueur \u00e0 partir de 18h08 le 21 juillet 2025.<\/p>","protected":false},"excerpt":{"rendered":"<p>Su privacidad es importante para nosotros. La pol\u00edtica de Espa\u00e7o News es respetar su privacidad con respecto a cualquier informaci\u00f3n que recopilemos de usted en el&nbsp; sitio web&nbsp;de Espa\u00e7o News&nbsp;y en otros sitios web que poseemos y operamos. Solo solicitamos informaci\u00f3n personal cuando realmente la necesitamos para prestarle un servicio. La recopilamos por medios justos [&hellip;]<\/p>","protected":false},"author":139,"featured_media":0,"parent":0,"menu_order":0,"comment_status":"closed","ping_status":"closed","template":"","meta":{"footnotes":""},"yoast_head":"<!-- This site is optimized with the Yoast SEO plugin v23.3 - https:\/\/yoast.com\/wordpress\/plugins\/seo\/ -->\n<title>Pol\u00edtica de privacidad - Espa\u00e7o News<\/title>\n<meta name=\"description\" content=\"Pol\u00edtica de privacidade\" \/>\n<meta name=\"robots\" content=\"index, follow, max-snippet:-1, max-image-preview:large, max-video-preview:-1\" \/>\n<link rel=\"canonical\" href=\"https:\/\/espaconews.com\/fr_ca\/politica-de-privacidad\/\" \/>\n<meta property=\"og:locale\" content=\"fr_CA\" \/>\n<meta property=\"og:type\" content=\"article\" \/>\n<meta property=\"og:title\" content=\"Pol\u00edtica de privacidad - Espa\u00e7o News\" \/>\n<meta property=\"og:description\" content=\"Pol\u00edtica de privacidade\" \/>\n<meta property=\"og:url\" content=\"https:\/\/espaconews.com\/fr_ca\/politica-de-privacidad\/\" \/>\n<meta property=\"og:site_name\" content=\"Espa\u00e7o News\" \/>\n<meta property=\"article:modified_time\" content=\"2025-07-21T18:10:10+00:00\" \/>\n<meta name=\"twitter:card\" content=\"summary_large_image\" \/>\n<meta name=\"twitter:label1\" content=\"Est. reading time\" \/>\n\t<meta name=\"twitter:data1\" content=\"4 minutes\" \/>\n<script type=\"application\/ld+json\" class=\"yoast-schema-graph\">{\"@context\":\"https:\/\/schema.org\",\"@graph\":[{\"@type\":\"WebPage\",\"@id\":\"https:\/\/espaconews.com\/politica-de-privacidad\/\",\"url\":\"https:\/\/espaconews.com\/politica-de-privacidad\/\",\"name\":\"Pol\u00edtica de privacidad - Espa\u00e7o News\",\"isPartOf\":{\"@id\":\"http:\/\/espaconews.com\/#website\"},\"datePublished\":\"2023-12-14T17:42:16+00:00\",\"dateModified\":\"2025-07-21T18:10:10+00:00\",\"description\":\"Pol\u00edtica de privacidade\",\"breadcrumb\":{\"@id\":\"https:\/\/espaconews.com\/politica-de-privacidad\/#breadcrumb\"},\"inLanguage\":\"fr-CA\",\"potentialAction\":[{\"@type\":\"ReadAction\",\"target\":[\"https:\/\/espaconews.com\/politica-de-privacidad\/\"]}]},{\"@type\":\"BreadcrumbList\",\"@id\":\"https:\/\/espaconews.com\/politica-de-privacidad\/#breadcrumb\",\"itemListElement\":[{\"@type\":\"ListItem\",\"position\":1,\"name\":\"Home\",\"item\":\"http:\/\/espaconews.com\/\"},{\"@type\":\"ListItem\",\"position\":2,\"name\":\"Pol\u00edtica de privacidad\"}]},{\"@type\":\"WebSite\",\"@id\":\"http:\/\/espaconews.com\/#website\",\"url\":\"http:\/\/espaconews.com\/\",\"name\":\"Espa\u00e7o News\",\"description\":\"\",\"potentialAction\":[{\"@type\":\"SearchAction\",\"target\":{\"@type\":\"EntryPoint\",\"urlTemplate\":\"http:\/\/espaconews.com\/?s={search_term_string}\"},\"query-input\":\"required name=search_term_string\"}],\"inLanguage\":\"fr-CA\"}]}<\/script>\n<!-- \/ Yoast SEO plugin. -->","yoast_head_json":{"title":"Pol\u00edtica de privacidad - Espa\u00e7o News","description":"Pol\u00edtica de privacidade","robots":{"index":"index","follow":"follow","max-snippet":"max-snippet:-1","max-image-preview":"max-image-preview:large","max-video-preview":"max-video-preview:-1"},"canonical":"https:\/\/espaconews.com\/fr_ca\/politica-de-privacidad\/","og_locale":"fr_CA","og_type":"article","og_title":"Pol\u00edtica de privacidad - Espa\u00e7o News","og_description":"Pol\u00edtica de privacidade","og_url":"https:\/\/espaconews.com\/fr_ca\/politica-de-privacidad\/","og_site_name":"Espa\u00e7o News","article_modified_time":"2025-07-21T18:10:10+00:00","twitter_card":"summary_large_image","twitter_misc":{"Est. reading time":"4 minutes"},"schema":{"@context":"https:\/\/schema.org","@graph":[{"@type":"WebPage","@id":"https:\/\/espaconews.com\/politica-de-privacidad\/","url":"https:\/\/espaconews.com\/politica-de-privacidad\/","name":"Pol\u00edtica de privacidad - Espa\u00e7o News","isPartOf":{"@id":"http:\/\/espaconews.com\/#website"},"datePublished":"2023-12-14T17:42:16+00:00","dateModified":"2025-07-21T18:10:10+00:00","description":"Pol\u00edtica de privacidade","breadcrumb":{"@id":"https:\/\/espaconews.com\/politica-de-privacidad\/#breadcrumb"},"inLanguage":"fr-CA","potentialAction":[{"@type":"ReadAction","target":["https:\/\/espaconews.com\/politica-de-privacidad\/"]}]},{"@type":"BreadcrumbList","@id":"https:\/\/espaconews.com\/politica-de-privacidad\/#breadcrumb","itemListElement":[{"@type":"ListItem","position":1,"name":"Home","item":"http:\/\/espaconews.com\/"},{"@type":"ListItem","position":2,"name":"Pol\u00edtica de privacidad"}]},{"@type":"WebSite","@id":"http:\/\/espaconews.com\/#website","url":"http:\/\/espaconews.com\/","name":"Espa\u00e7o News","description":"","potentialAction":[{"@type":"SearchAction","target":{"@type":"EntryPoint","urlTemplate":"http:\/\/espaconews.com\/?s={search_term_string}"},"query-input":"required name=search_term_string"}],"inLanguage":"fr-CA"}]}},"_links":{"self":[{"href":"https:\/\/espaconews.com\/fr_ca\/wp-json\/wp\/v2\/pages\/1919"}],"collection":[{"href":"https:\/\/espaconews.com\/fr_ca\/wp-json\/wp\/v2\/pages"}],"about":[{"href":"https:\/\/espaconews.com\/fr_ca\/wp-json\/wp\/v2\/types\/page"}],"author":[{"embeddable":true,"href":"https:\/\/espaconews.com\/fr_ca\/wp-json\/wp\/v2\/users\/139"}],"replies":[{"embeddable":true,"href":"https:\/\/espaconews.com\/fr_ca\/wp-json\/wp\/v2\/comments?post=1919"}],"version-history":[{"count":2,"href":"https:\/\/espaconews.com\/fr_ca\/wp-json\/wp\/v2\/pages\/1919\/revisions"}],"predecessor-version":[{"id":2370,"href":"https:\/\/espaconews.com\/fr_ca\/wp-json\/wp\/v2\/pages\/1919\/revisions\/2370"}],"wp:attachment":[{"href":"https:\/\/espaconews.com\/fr_ca\/wp-json\/wp\/v2\/media?parent=1919"}],"curies":[{"name":"wp","href":"https:\/\/api.w.org\/{rel}","templated":true}]}}