{"id":278,"date":"2023-12-20T19:54:32","date_gmt":"2023-12-20T22:54:32","guid":{"rendered":"https:\/\/67.222.158.10\/~espaconews\/?page_id=278"},"modified":"2023-12-20T19:54:32","modified_gmt":"2023-12-20T22:54:32","slug":"terminos-y-condiciones-de-uso","status":"publish","type":"page","link":"https:\/\/espaconews.com\/fr\/terminos-y-condiciones-de-uso\/","title":{"rendered":"Conditions g\u00e9n\u00e9rales d&#039;utilisation"},"content":{"rendered":"<p>Seja bem-vindo ao Espa\u00e7o News!<\/p>\n\n\n\n<p>Ces termes et conditions \u00e9noncent les r\u00e8gles d&#039;utilisation du site de la soci\u00e9t\u00e9 Espa\u00e7o News, situ\u00e9 \u00e0 l&#039;adresse https:\/\/espaconews.com\/\/.<\/p>\n\n\n\n<p>En acc\u00e9dant \u00e0 ce site, vous acceptez les conditions g\u00e9n\u00e9rales ci-dessous. Veuillez cesser d&#039;utiliser l&#039;Espace Actualit\u00e9s si vous n&#039;acceptez pas les conditions g\u00e9n\u00e9rales d\u00e9crites dans ce contrat.<\/p>\n\n\n\n<h2 class=\"wp-block-heading\">Cookies:<\/h2>\n\n\n\n<p>Ce site utilise des cookies pour personnaliser votre exp\u00e9rience en ligne. Pour acc\u00e9der au site Espa\u00e7o News, vous acceptez l&#039;utilisation de deux cookies obligatoires.<\/p>\n\n\n\n<p>Les cookies sont des fichiers texte ins\u00e9r\u00e9s sur votre disque dur par un serveur web. Ils ne permettent pas d&#039;ex\u00e9cuter de programmes ni de transf\u00e9rer des virus sur votre ordinateur. Ils vous sont exclusivement associ\u00e9s et ne peuvent \u00eatre utilis\u00e9s que par le serveur web du domaine qui les a \u00e9mis.<\/p>\n\n\n\n<p>Nous ne pouvons pas utiliser de cookies pour collecter, stocker ou suivre des informations \u00e0 des fins statistiques et marketing sur notre site.<\/p>\n\n\n\n<p>Vous avez la possibilit\u00e9 d&#039;activer ou de d\u00e9sactiver les cookies facultatifs. Certains cookies sont obligatoires, mais n\u00e9cessaires au fonctionnement de notre site. Ces cookies ne n\u00e9cessitent pas votre consentement.<\/p>\n\n\n\n<p>Veuillez garder \u00e0 l&#039;esprit qu&#039;en d\u00e9finissant les cookies requis, vous d\u00e9finirez \u00e9galement des cookies tiers, qui peuvent \u00eatre utilis\u00e9s par des tiers si vous utilisez des services fournis par eux sur notre site - par exemple, une cha\u00eene de lecture vid\u00e9o fournie par des soci\u00e9t\u00e9s tierces et int\u00e9gr\u00e9e \u00e0 notre site.<\/p>\n\n\n\n<h2 class=\"wp-block-heading\">Licence:<\/h2>\n\n\n\n<p>Sauf dans les cas indiqu\u00e9s ou contraires, Espa\u00e7o News et ses licenci\u00e9s ont la propri\u00e9t\u00e9 intellectuelle directe de tout le mat\u00e9riel publi\u00e9 sur Espa\u00e7o News.<\/p>\n\n\n\n<p>Tous les droits de propri\u00e9t\u00e9 intellectuelle sont r\u00e9serv\u00e9s.<\/p>\n\n\n\n<p>Vous n&#039;avez pas la permission de :<\/p>\n\n\n\n<ul>\n<li>Copier ou republier des documents d&#039;Espa\u00e7o News<\/li>\n\n\n\n<li>Vendre, stocker ou sous-louer du mat\u00e9riel d&#039;Espa\u00e7o News<\/li>\n\n\n\n<li>Lire, dupliquer ou copier des documents d&#039;Espa\u00e7o News<\/li>\n\n\n\n<li>Redistribuer le contenu d&#039;Espa\u00e7o News<\/li>\n<\/ul>\n\n\n\n<p>Le pr\u00e9sent Accord entrera en vigueur \u00e0 compter de la date d\u2019aujourd\u2019hui.<\/p>\n\n\n\n<p>Certaines parties de ce site offrent \u00e0 l&#039;utilisateur la possibilit\u00e9 de publier et de discuter d&#039;opinions et d&#039;informations dans certains domaines. Espa\u00e7o News ne filtre, ne modifie, ne publie ni ne r\u00e9vise les commentaires avant leur publication sur le site.<\/p>\n\n\n\n<p>Les commentaires refl\u00e8tent l&#039;opinion de leurs auteurs. Dans la mesure o\u00f9 la loi applicable le permet, Espa\u00e7o News d\u00e9cline toute responsabilit\u00e9 quant aux commentaires, aux dommages, risques ou pertes caus\u00e9s ou subis suite \u00e0 l&#039;utilisation, la publication et\/ou l&#039;apparition de commentaires sur ce site.<\/p>\n\n\n\n<p>Espa\u00e7o News se r\u00e9serve le droit de supprimer tout commentaire qui pourrait \u00eatre consid\u00e9r\u00e9 comme inappropri\u00e9, offensant ou enfreignant les termes et conditions de ce contrat.<\/p>\n\n\n\n<p>Vous d\u00e9clarez et garantissez que :<\/p>\n\n\n\n<ul>\n<li>Vous avez le droit de publier des commentaires sur notre site et disposez de toutes les licences et consentements n\u00e9cessaires \u00e0 cet effet\u00a0;<\/li>\n\n\n\n<li>Ces commentaires n\u2019enfreignent aucune propri\u00e9t\u00e9 intellectuelle, y compris les droits d\u2019auteur, les brevets ou les marques d\u00e9pos\u00e9es de tiers\u00a0;<\/li>\n\n\n\n<li>Ces commentaires ne contiennent pas de contenu diffamatoire, calomnieux, offensant, ind\u00e9cent ou autrement ill\u00e9gal, ce qui constitue une atteinte \u00e0 la vie priv\u00e9e.<\/li>\n\n\n\n<li>Vos commentaires ne seront pas utilis\u00e9s pour solliciter ou promouvoir des affaires ou pr\u00e9senter des activit\u00e9s commerciales ou illicites.<\/li>\n<\/ul>\n\n\n\n<p>Vous accordez par la pr\u00e9sente \u00e0 Espa\u00e7o News une licence non exclusive pour utiliser, reproduire, \u00e9diter et autoriser d&#039;autres personnes \u00e0 utiliser, reproduire ou \u00e9diter l&#039;un de vos commentaires sous toutes les formes, formats et supports.<\/p>\n\n\n\n<h2 class=\"wp-block-heading\">Cr\u00e9er des liens vers notre contenu<\/h2>\n\n\n\n<p>Les organisations suivantes peuvent cr\u00e9er des liens vers notre site sans autorisation \u00e9crite pr\u00e9alable :<\/p>\n\n\n\n<ul>\n<li>Agences gouvernementales;<\/li>\n\n\n\n<li>M\u00e9canismes de recherche;<\/li>\n\n\n\n<li>Organisations de m\u00e9dias;<\/li>\n\n\n\n<li>Les distributeurs d&#039;annuaires en ligne peuvent ins\u00e9rer des liens vers notre site de la m\u00eame mani\u00e8re que nous ins\u00e9rons des hyperliens vers les sites d&#039;autres soci\u00e9t\u00e9s r\u00e9pertori\u00e9es\u00a0; et<\/li>\n\n\n\n<li>Les entreprises accr\u00e9dit\u00e9es, \u00e0 l&#039;exception des organismes \u00e0 but non lucratif et des groupes de collecte de fonds pour des institutions caritatives, qui ne peuvent pas ins\u00e9rer de liens vers notre Site sans autorisation pr\u00e9alable.<\/li>\n<\/ul>\n\n\n\n<p>Ces organisations peuvent publier des liens vers notre page d&#039;accueil, nos publications ou d&#039;autres informations sur le Site, \u00e0 condition que le lien : (a) ne semble en aucun cas trompeur ; (b) n&#039;implique pas faussement l&#039;existence d&#039;une relation de parrainage, d&#039;approbation ou d&#039;approbation de nos produits et\/ou services ; et (c) soit appropri\u00e9 au contexte dans lequel il est ins\u00e9r\u00e9.<\/p>\n\n\n\n<p>Nous pouvons examiner et approuver les demandes de liens pour les types d\u2019organisations suivants\u00a0:<\/p>\n\n\n\n<ul>\n<li>sources d\u2019information bien connues sur les produits et les entreprises ;<\/li>\n\n\n\n<li>sites communautaires ponto.com;<\/li>\n\n\n\n<li>associations et autres groupes qui repr\u00e9sentent des institutions caritatives;<\/li>\n\n\n\n<li>distributeurs d&#039;annuaires en ligne;<\/li>\n\n\n\n<li>portails Internet;<\/li>\n\n\n\n<li>cabinets d&#039;expertise comptable, de conseil et de d\u00e9fense des droits; et<\/li>\n\n\n\n<li>\u00e9tablissements d&#039;enseignement et associations de classe.<\/li>\n<\/ul>\n\n\n\n<p>Nous approuverons les demandes de liens pour les types d&#039;organisations \u00e9num\u00e9r\u00e9s ci-dessus et nous supposons que : (a) le lien n&#039;est pas d\u00e9favorable \u00e0 notre image et\/ou \u00e0 l&#039;image des entreprises accr\u00e9dit\u00e9es ; (b) l&#039;organisation candidate n&#039;a pas d&#039;historique n\u00e9gatif connu ; (c) le b\u00e9n\u00e9fice que nous tirons de la visibilit\u00e9 du lien compense l&#039;absence de l&#039;Espace Actualit\u00e9s ; e (d) le lien sera ins\u00e9r\u00e9 dans un contexte informatif g\u00e9n\u00e9ral.<\/p>\n\n\n\n<p>Ces organisations peuvent publier des liens vers notre page d&#039;accueil \u00e0 condition que le lien : (a) ne semble en aucun cas trompeur ; (b) n&#039;implique pas faussement l&#039;existence d&#039;une relation de parrainage, d&#039;approbation ou d&#039;approbation de produits et\/ou services de notre parti ; et (c) soit appropri\u00e9 au contexte dans lequel il est ins\u00e9r\u00e9.<\/p>\n\n\n\n<p>Si vous repr\u00e9sentez l&#039;une des organisations mentionn\u00e9es au paragraphe 2 ci-dessus et souhaitez publier un lien vers notre site, veuillez nous en informer en envoyant un courriel \u00e0 Espa\u00e7o News. Veuillez indiquer le nom de votre organisation et vos coordonn\u00e9es, ainsi que l&#039;URL de votre site, la liste des URL de notre site que vous souhaitez utiliser comme liens et la liste des sites sur lesquels vous souhaitez publier nos URL. Veuillez patienter entre 2 et 3 semaines pour recevoir une r\u00e9ponse.<\/p>\n\n\n\n<p>Les organisations approuv\u00e9es peuvent publier des liens vers notre site des mani\u00e8res suivantes\u00a0:<\/p>\n\n\n\n<ul>\n<li>En utilisant notre nom d&#039;entreprise ; ou<\/li>\n\n\n\n<li>Utilisation de l&#039;URL pour les redirections vers o\u00f9 ou vers un lien\u00a0; ou<\/li>\n\n\n\n<li>Utiliser toute autre description de notre site qui a du sens dans le contexte et le format du contenu o\u00f9 le lien est ins\u00e9r\u00e9.<\/li>\n<\/ul>\n\n\n\n<p>L&#039;utilisation ou la publication de liens vers le logo et\/ou d&#039;autres \u00e9l\u00e9ments visuels de l&#039;Espace Actualit\u00e9s ne sera pas autoris\u00e9e sans un accord de licence d&#039;utilisation de la marque d\u00e9pos\u00e9e.<\/p>\n\n\n\n<h2 class=\"wp-block-heading\">Responsabilit\u00e9 du contenu :<\/h2>\n\n\n\n<p>Nous d\u00e9clinons toute responsabilit\u00e9 juridique quant au contenu figurant sur votre Site. Vous acceptez de nous prot\u00e9ger et de nous d\u00e9fendre contre toute accusation port\u00e9e sur votre Site. Aucun lien ne doit appara\u00eetre sur un Site susceptible d&#039;\u00eatre interpr\u00e9t\u00e9 comme diffamatoire, obsc\u00e8ne, criminel, ou portant atteinte, violant ou d\u00e9fendant la violation des droits de tiers.<\/p>\n\n\n\n<h2 class=\"wp-block-heading\">R\u00e9serve de droits :<\/h2>\n\n\n\n<p>Nous nous r\u00e9servons le droit de vous demander de supprimer tout lien ou tout lien redirigeant vers notre site. Vous vous engagez \u00e0 supprimer imm\u00e9diatement tout lien vers notre site d\u00e8s que la suppression vous sera demand\u00e9e. Nous nous r\u00e9servons \u00e9galement le droit de corriger et de modifier les pr\u00e9sentes conditions g\u00e9n\u00e9rales \u00e0 tout moment. Si nous publions r\u00e9guli\u00e8rement des liens vers notre site, vous acceptez de respecter les pr\u00e9sentes conditions g\u00e9n\u00e9rales relatives aux liens.<\/p>\n\n\n\n<h2 class=\"wp-block-heading\">Suppression des liens post\u00e9s sur notre site :<\/h2>\n\n\n\n<p>Si vous trouvez un lien offensant sur notre site, n&#039;h\u00e9sitez pas \u00e0 nous contacter \u00e0 tout moment pour nous signaler le probl\u00e8me. Nous \u00e9tudierons les demandes de suppression de liens, mais nous ne sommes pas tenus de supprimer les liens de notre site ni de r\u00e9pondre directement \u00e0 votre demande.<\/p>\n\n\n\n<p>Nous ne garantissons pas l&#039;exactitude des informations contenues sur ce site. Nous ne garantissons pas l&#039;exhaustivit\u00e9 ni l&#039;exactitude du contenu. Nous ne garantissons pas non plus la disponibilit\u00e9 continue du site ni l&#039;actualit\u00e9 de son contenu.<\/p>\n\n\n\n<h2 class=\"wp-block-heading\">D\u00e9claration de responsabilit\u00e9 :<\/h2>\n\n\n\n<p>Dans la mesure maximale autoris\u00e9e par la loi, nous excluons toute d\u00e9claration, garantie et condition relative \u00e0 notre site et \u00e0 son utilisation. Aucune disposition de la pr\u00e9sente d\u00e9claration de responsabilit\u00e9 ne constitue\u00a0:<\/p>\n\n\n\n<ul>\n<li>limiter ou exclure notre responsabilit\u00e9 ou votre responsabilit\u00e9 en cas de d\u00e9c\u00e8s ou de blessure corporelle\u00a0;<\/li>\n\n\n\n<li>limiter ou exclure notre responsabilit\u00e9 en cas de fraude ou de transactions frauduleuses\u00a0;<\/li>\n\n\n\n<li>limiter notre responsabilit\u00e9 ou votre responsabilit\u00e9 de toute mani\u00e8re non autoris\u00e9e par la loi\u00a0;<\/li>\n\n\n\n<li>exclure toute responsabilit\u00e9 de votre part ou de la n\u00f4tre qui ne peut \u00eatre exclue conform\u00e9ment \u00e0 la loi applicable.<\/li>\n<\/ul>\n\n\n\n<p>Les limitations et interdictions de responsabilit\u00e9 \u00e9num\u00e9r\u00e9es dans cette section et dans d\u2019autres parties de cette d\u00e9claration : (a) sont soumises au paragraphe pr\u00e9c\u00e9dent ; et (b) r\u00e9gissent toutes les responsabilit\u00e9s qui d\u00e9coulent de la d\u00e9claration, y compris les responsabilit\u00e9s d\u00e9coulant d\u2019un contrat, d\u2019un crime et d\u2019une violation d\u2019obligations l\u00e9gales.<\/p>\n\n\n\n<p>Tant que le site et les informations et services du site sont offerts gratuitement, nous ne serons pas responsables de toute perte ou dommage de quelque nature que ce soit.<\/p>","protected":false},"excerpt":{"rendered":"<p>Seja bem-vindo ao Espa\u00e7o News! Estes termos e condi\u00e7\u00f5es descrevem as regras de uso do site da empresa Espa\u00e7o News, localizado no endere\u00e7o https:\/\/espaconews.com\/\/. Ao acessar este site, consideramos que voc\u00ea est\u00e1 de acordo com os termos e condi\u00e7\u00f5es abaixo. N\u00e3o continue a usar o Espa\u00e7o News caso voc\u00ea discorde dos termos e condi\u00e7\u00f5es descritos [&hellip;]<\/p>","protected":false},"author":0,"featured_media":0,"parent":0,"menu_order":0,"comment_status":"closed","ping_status":"closed","template":"","meta":{"footnotes":""},"yoast_head":"<!-- This site is optimized with the Yoast SEO plugin v23.3 - https:\/\/yoast.com\/wordpress\/plugins\/seo\/ -->\n<title>T\u00e9rminos y condiciones de uso - Espa\u00e7o News<\/title>\n<meta name=\"description\" content=\"Termos e Condi\u00e7\u00f5es de Uso\" \/>\n<meta name=\"robots\" content=\"index, follow, max-snippet:-1, max-image-preview:large, max-video-preview:-1\" \/>\n<link rel=\"canonical\" href=\"https:\/\/espaconews.com\/fr\/terminos-y-condiciones-de-uso\/\" \/>\n<meta property=\"og:locale\" content=\"fr_FR\" \/>\n<meta property=\"og:type\" content=\"article\" \/>\n<meta property=\"og:title\" content=\"T\u00e9rminos y condiciones de uso - Espa\u00e7o News\" \/>\n<meta property=\"og:description\" content=\"Termos e Condi\u00e7\u00f5es de Uso\" \/>\n<meta property=\"og:url\" content=\"https:\/\/espaconews.com\/fr\/terminos-y-condiciones-de-uso\/\" \/>\n<meta property=\"og:site_name\" content=\"Espa\u00e7o News\" \/>\n<meta name=\"twitter:card\" content=\"summary_large_image\" \/>\n<meta name=\"twitter:label1\" content=\"Est. reading time\" \/>\n\t<meta name=\"twitter:data1\" content=\"8 minutes\" \/>\n<script type=\"application\/ld+json\" class=\"yoast-schema-graph\">{\"@context\":\"https:\/\/schema.org\",\"@graph\":[{\"@type\":\"WebPage\",\"@id\":\"https:\/\/espaconews.com\/terminos-y-condiciones-de-uso\/\",\"url\":\"https:\/\/espaconews.com\/terminos-y-condiciones-de-uso\/\",\"name\":\"T\u00e9rminos y condiciones de uso - Espa\u00e7o News\",\"isPartOf\":{\"@id\":\"http:\/\/espaconews.com\/#website\"},\"datePublished\":\"2023-12-20T22:54:32+00:00\",\"dateModified\":\"2023-12-20T22:54:32+00:00\",\"description\":\"Termos e Condi\u00e7\u00f5es de Uso\",\"breadcrumb\":{\"@id\":\"https:\/\/espaconews.com\/terminos-y-condiciones-de-uso\/#breadcrumb\"},\"inLanguage\":\"fr-FR\",\"potentialAction\":[{\"@type\":\"ReadAction\",\"target\":[\"https:\/\/espaconews.com\/terminos-y-condiciones-de-uso\/\"]}]},{\"@type\":\"BreadcrumbList\",\"@id\":\"https:\/\/espaconews.com\/terminos-y-condiciones-de-uso\/#breadcrumb\",\"itemListElement\":[{\"@type\":\"ListItem\",\"position\":1,\"name\":\"Home\",\"item\":\"http:\/\/espaconews.com\/\"},{\"@type\":\"ListItem\",\"position\":2,\"name\":\"T\u00e9rminos y condiciones de uso\"}]},{\"@type\":\"WebSite\",\"@id\":\"http:\/\/espaconews.com\/#website\",\"url\":\"http:\/\/espaconews.com\/\",\"name\":\"Espa\u00e7o News\",\"description\":\"\",\"potentialAction\":[{\"@type\":\"SearchAction\",\"target\":{\"@type\":\"EntryPoint\",\"urlTemplate\":\"http:\/\/espaconews.com\/?s={search_term_string}\"},\"query-input\":\"required name=search_term_string\"}],\"inLanguage\":\"fr-FR\"}]}<\/script>\n<!-- \/ Yoast SEO plugin. -->","yoast_head_json":{"title":"T\u00e9rminos y condiciones de uso - Espa\u00e7o News","description":"Termos e Condi\u00e7\u00f5es de Uso","robots":{"index":"index","follow":"follow","max-snippet":"max-snippet:-1","max-image-preview":"max-image-preview:large","max-video-preview":"max-video-preview:-1"},"canonical":"https:\/\/espaconews.com\/fr\/terminos-y-condiciones-de-uso\/","og_locale":"fr_FR","og_type":"article","og_title":"T\u00e9rminos y condiciones de uso - Espa\u00e7o News","og_description":"Termos e Condi\u00e7\u00f5es de Uso","og_url":"https:\/\/espaconews.com\/fr\/terminos-y-condiciones-de-uso\/","og_site_name":"Espa\u00e7o News","twitter_card":"summary_large_image","twitter_misc":{"Est. reading time":"8 minutes"},"schema":{"@context":"https:\/\/schema.org","@graph":[{"@type":"WebPage","@id":"https:\/\/espaconews.com\/terminos-y-condiciones-de-uso\/","url":"https:\/\/espaconews.com\/terminos-y-condiciones-de-uso\/","name":"T\u00e9rminos y condiciones de uso - Espa\u00e7o News","isPartOf":{"@id":"http:\/\/espaconews.com\/#website"},"datePublished":"2023-12-20T22:54:32+00:00","dateModified":"2023-12-20T22:54:32+00:00","description":"Termos e Condi\u00e7\u00f5es de Uso","breadcrumb":{"@id":"https:\/\/espaconews.com\/terminos-y-condiciones-de-uso\/#breadcrumb"},"inLanguage":"fr-FR","potentialAction":[{"@type":"ReadAction","target":["https:\/\/espaconews.com\/terminos-y-condiciones-de-uso\/"]}]},{"@type":"BreadcrumbList","@id":"https:\/\/espaconews.com\/terminos-y-condiciones-de-uso\/#breadcrumb","itemListElement":[{"@type":"ListItem","position":1,"name":"Home","item":"http:\/\/espaconews.com\/"},{"@type":"ListItem","position":2,"name":"T\u00e9rminos y condiciones de uso"}]},{"@type":"WebSite","@id":"http:\/\/espaconews.com\/#website","url":"http:\/\/espaconews.com\/","name":"Espa\u00e7o News","description":"","potentialAction":[{"@type":"SearchAction","target":{"@type":"EntryPoint","urlTemplate":"http:\/\/espaconews.com\/?s={search_term_string}"},"query-input":"required name=search_term_string"}],"inLanguage":"fr-FR"}]}},"_links":{"self":[{"href":"https:\/\/espaconews.com\/fr\/wp-json\/wp\/v2\/pages\/278"}],"collection":[{"href":"https:\/\/espaconews.com\/fr\/wp-json\/wp\/v2\/pages"}],"about":[{"href":"https:\/\/espaconews.com\/fr\/wp-json\/wp\/v2\/types\/page"}],"replies":[{"embeddable":true,"href":"https:\/\/espaconews.com\/fr\/wp-json\/wp\/v2\/comments?post=278"}],"version-history":[{"count":0,"href":"https:\/\/espaconews.com\/fr\/wp-json\/wp\/v2\/pages\/278\/revisions"}],"wp:attachment":[{"href":"https:\/\/espaconews.com\/fr\/wp-json\/wp\/v2\/media?parent=278"}],"curies":[{"name":"wp","href":"https:\/\/api.w.org\/{rel}","templated":true}]}}