{"id":1919,"date":"2023-12-14T14:42:16","date_gmt":"2023-12-14T17:42:16","guid":{"rendered":"https:\/\/67.222.158.10\/~espaconews\/?page_id=3"},"modified":"2025-07-21T15:10:10","modified_gmt":"2025-07-21T18:10:10","slug":"politica-de-privacidad","status":"publish","type":"page","link":"https:\/\/espaconews.com\/en\/politica-de-privacidad\/","title":{"rendered":"Privacy Policy"},"content":{"rendered":"<p>Your privacy is important to us. It is Espa\u00e7o News&#039; policy to respect your privacy regarding any information we collect from you on the website.&nbsp;<a href=\"https:\/\/espaconews.com\/en\/\">from Espa\u00e7o News<\/a>&nbsp;and on other websites we own and operate.<\/p>\n\n\n\n<p>We only ask for personal information when we truly need it to provide you with a service. We collect it by fair and lawful means, with your knowledge and consent. We also inform you why we collect it and how we will use it.<\/p>\n\n\n\n<p>We only retain collected information for as long as necessary to provide you with the requested service. We protect the data we store within commercially acceptable means to prevent loss and theft, as well as unauthorized access, disclosure, copying, use, or modification.<\/p>\n\n\n\n<p>We do not share personally identifiable information publicly or with third parties except when required by law.<\/p>\n\n\n\n<p>Our website may contain links to external sites that we do not operate. Please be aware that we have no control over the content or practices of these sites and are not responsible for their respective&nbsp;&nbsp;<a href=\"https:\/\/politicaprivacidade.com\/\" rel=\"noreferrer noopener\" target=\"_blank\">privacy policies<\/a>&nbsp;.<\/p>\n\n\n\n<p>You are free to decline our request for your personal information, with the understanding that we may not be able to provide you with some of your desired services.<\/p>\n\n\n\n<p>Your continued use of our website will be deemed acceptance of our privacy and personal information practices. If you have any questions about how we manage user data and personal information, please contact us.<\/p>\n\n\n\n<ul>\n<li>The Google AdSense service we use to display advertising uses a DoubleClick cookie to show more relevant ads across the web and limit the number of times that a given ad is shown to you.<\/li>\n\n\n\n<li>For more information about Google AdSense, please see the official Google AdSense Privacy FAQ.<\/li>\n\n\n\n<li>We use advertising to offset the running costs of this website and fund its future development. The behavioral advertising cookies used on this website are designed to ensure that we offer you the most relevant advertising possible by anonymously tracking your interests and presenting similar content that may be of interest to you.<\/li>\n\n\n\n<li>Various partners advertise on our behalf, and affiliate tracking cookies simply allow us to see if our customers have arrived at the site through one of our partner sites so that we can credit them appropriately and, where applicable, allow our affiliate partners to provide any incentives they may give you for making a purchase.<\/li>\n<\/ul>\n\n\n\n<h3 class=\"wp-block-heading\">User engagement<\/h3>\n\n\n\n<p>The user agrees to make appropriate use of the content and information that Espa\u00e7o News offers on the website and, by way of example but not limited to:<\/p>\n\n\n\n<ul>\n<li>A) Not to engage in illegal activities or activities contrary to good faith and public order;<\/li>\n\n\n\n<li>B) Not to disseminate propaganda or content of a racist, xenophobic, gambling nature, any type of illegal pornography, in support of terrorism or violating human rights;<\/li>\n\n\n\n<li>C) Not to cause damage to the physical (hardware) and logical (software) systems of Espa\u00e7o News, its suppliers or third parties, or to introduce or spread computer viruses or any other physical or logical systems that may cause the aforementioned damage.<\/li>\n<\/ul>\n\n\n\n<h3 class=\"wp-block-heading\">More information<\/h3>\n\n\n\n<p>We hope this has clarified things for you, and as was previously mentioned, if there is something that you aren&#039;t sure whether you need or not, it&#039;s usually safer to leave cookies enabled in case it does interact with one of the features you use on our site.<\/p>\n\n\n\n<p>This policy is effective from 6:08 PM on July 21, 2025.<\/p>","protected":false},"excerpt":{"rendered":"<p>Su privacidad es importante para nosotros. La pol\u00edtica de Espa\u00e7o News es respetar su privacidad con respecto a cualquier informaci\u00f3n que recopilemos de usted en el&nbsp; sitio web&nbsp;de Espa\u00e7o News&nbsp;y en otros sitios web que poseemos y operamos. Solo solicitamos informaci\u00f3n personal cuando realmente la necesitamos para prestarle un servicio. La recopilamos por medios justos [&hellip;]<\/p>","protected":false},"author":139,"featured_media":0,"parent":0,"menu_order":0,"comment_status":"closed","ping_status":"closed","template":"","meta":{"footnotes":""},"yoast_head":"<!-- This site is optimized with the Yoast SEO plugin v23.3 - https:\/\/yoast.com\/wordpress\/plugins\/seo\/ -->\n<title>Pol\u00edtica de privacidad - Espa\u00e7o News<\/title>\n<meta name=\"description\" content=\"Pol\u00edtica de privacidade\" \/>\n<meta name=\"robots\" content=\"index, follow, max-snippet:-1, max-image-preview:large, max-video-preview:-1\" \/>\n<link rel=\"canonical\" href=\"https:\/\/espaconews.com\/en\/politica-de-privacidad\/\" \/>\n<meta property=\"og:locale\" content=\"en_US\" \/>\n<meta property=\"og:type\" content=\"article\" \/>\n<meta property=\"og:title\" content=\"Pol\u00edtica de privacidad - Espa\u00e7o News\" \/>\n<meta property=\"og:description\" content=\"Pol\u00edtica de privacidade\" \/>\n<meta property=\"og:url\" content=\"https:\/\/espaconews.com\/en\/politica-de-privacidad\/\" \/>\n<meta property=\"og:site_name\" content=\"Espa\u00e7o News\" \/>\n<meta property=\"article:modified_time\" content=\"2025-07-21T18:10:10+00:00\" \/>\n<meta name=\"twitter:card\" content=\"summary_large_image\" \/>\n<meta name=\"twitter:label1\" content=\"Est. reading time\" \/>\n\t<meta name=\"twitter:data1\" content=\"4 minutes\" \/>\n<script type=\"application\/ld+json\" class=\"yoast-schema-graph\">{\"@context\":\"https:\/\/schema.org\",\"@graph\":[{\"@type\":\"WebPage\",\"@id\":\"https:\/\/espaconews.com\/politica-de-privacidad\/\",\"url\":\"https:\/\/espaconews.com\/politica-de-privacidad\/\",\"name\":\"Pol\u00edtica de privacidad - Espa\u00e7o News\",\"isPartOf\":{\"@id\":\"http:\/\/espaconews.com\/#website\"},\"datePublished\":\"2023-12-14T17:42:16+00:00\",\"dateModified\":\"2025-07-21T18:10:10+00:00\",\"description\":\"Pol\u00edtica de privacidade\",\"breadcrumb\":{\"@id\":\"https:\/\/espaconews.com\/politica-de-privacidad\/#breadcrumb\"},\"inLanguage\":\"en-US\",\"potentialAction\":[{\"@type\":\"ReadAction\",\"target\":[\"https:\/\/espaconews.com\/politica-de-privacidad\/\"]}]},{\"@type\":\"BreadcrumbList\",\"@id\":\"https:\/\/espaconews.com\/politica-de-privacidad\/#breadcrumb\",\"itemListElement\":[{\"@type\":\"ListItem\",\"position\":1,\"name\":\"Home\",\"item\":\"http:\/\/espaconews.com\/\"},{\"@type\":\"ListItem\",\"position\":2,\"name\":\"Pol\u00edtica de privacidad\"}]},{\"@type\":\"WebSite\",\"@id\":\"http:\/\/espaconews.com\/#website\",\"url\":\"http:\/\/espaconews.com\/\",\"name\":\"Espa\u00e7o News\",\"description\":\"\",\"potentialAction\":[{\"@type\":\"SearchAction\",\"target\":{\"@type\":\"EntryPoint\",\"urlTemplate\":\"http:\/\/espaconews.com\/?s={search_term_string}\"},\"query-input\":\"required name=search_term_string\"}],\"inLanguage\":\"en-US\"}]}<\/script>\n<!-- \/ Yoast SEO plugin. -->","yoast_head_json":{"title":"Pol\u00edtica de privacidad - Espa\u00e7o News","description":"Pol\u00edtica de privacidade","robots":{"index":"index","follow":"follow","max-snippet":"max-snippet:-1","max-image-preview":"max-image-preview:large","max-video-preview":"max-video-preview:-1"},"canonical":"https:\/\/espaconews.com\/en\/politica-de-privacidad\/","og_locale":"en_US","og_type":"article","og_title":"Pol\u00edtica de privacidad - Espa\u00e7o News","og_description":"Pol\u00edtica de privacidade","og_url":"https:\/\/espaconews.com\/en\/politica-de-privacidad\/","og_site_name":"Espa\u00e7o News","article_modified_time":"2025-07-21T18:10:10+00:00","twitter_card":"summary_large_image","twitter_misc":{"Est. reading time":"4 minutes"},"schema":{"@context":"https:\/\/schema.org","@graph":[{"@type":"WebPage","@id":"https:\/\/espaconews.com\/politica-de-privacidad\/","url":"https:\/\/espaconews.com\/politica-de-privacidad\/","name":"Pol\u00edtica de privacidad - Espa\u00e7o News","isPartOf":{"@id":"http:\/\/espaconews.com\/#website"},"datePublished":"2023-12-14T17:42:16+00:00","dateModified":"2025-07-21T18:10:10+00:00","description":"Pol\u00edtica de privacidade","breadcrumb":{"@id":"https:\/\/espaconews.com\/politica-de-privacidad\/#breadcrumb"},"inLanguage":"en-US","potentialAction":[{"@type":"ReadAction","target":["https:\/\/espaconews.com\/politica-de-privacidad\/"]}]},{"@type":"BreadcrumbList","@id":"https:\/\/espaconews.com\/politica-de-privacidad\/#breadcrumb","itemListElement":[{"@type":"ListItem","position":1,"name":"Home","item":"http:\/\/espaconews.com\/"},{"@type":"ListItem","position":2,"name":"Pol\u00edtica de privacidad"}]},{"@type":"WebSite","@id":"http:\/\/espaconews.com\/#website","url":"http:\/\/espaconews.com\/","name":"Espa\u00e7o News","description":"","potentialAction":[{"@type":"SearchAction","target":{"@type":"EntryPoint","urlTemplate":"http:\/\/espaconews.com\/?s={search_term_string}"},"query-input":"required name=search_term_string"}],"inLanguage":"en-US"}]}},"_links":{"self":[{"href":"https:\/\/espaconews.com\/en\/wp-json\/wp\/v2\/pages\/1919"}],"collection":[{"href":"https:\/\/espaconews.com\/en\/wp-json\/wp\/v2\/pages"}],"about":[{"href":"https:\/\/espaconews.com\/en\/wp-json\/wp\/v2\/types\/page"}],"author":[{"embeddable":true,"href":"https:\/\/espaconews.com\/en\/wp-json\/wp\/v2\/users\/139"}],"replies":[{"embeddable":true,"href":"https:\/\/espaconews.com\/en\/wp-json\/wp\/v2\/comments?post=1919"}],"version-history":[{"count":2,"href":"https:\/\/espaconews.com\/en\/wp-json\/wp\/v2\/pages\/1919\/revisions"}],"predecessor-version":[{"id":2370,"href":"https:\/\/espaconews.com\/en\/wp-json\/wp\/v2\/pages\/1919\/revisions\/2370"}],"wp:attachment":[{"href":"https:\/\/espaconews.com\/en\/wp-json\/wp\/v2\/media?parent=1919"}],"curies":[{"name":"wp","href":"https:\/\/api.w.org\/{rel}","templated":true}]}}