{"id":11,"date":"2023-12-14T16:06:34","date_gmt":"2023-12-14T19:06:34","guid":{"rendered":"https:\/\/67.222.158.10\/~espaconews\/?page_id=11"},"modified":"2025-07-21T15:11:15","modified_gmt":"2025-07-21T18:11:15","slug":"quienes-somos","status":"publish","type":"page","link":"https:\/\/espaconews.com\/en\/quienes-somos\/","title":{"rendered":"Who we are"},"content":{"rendered":"<p>Welcome to Espa\u00e7o News, your online destination for exploring the fascinating world of technology, apps, fun facts, and tips!<\/p>\n\n\n\n<p>We are a team passionate about innovation and knowledge, dedicated to providing engaging and informative content for our readers.<\/p>\n\n\n\n<h2 class=\"wp-block-heading\"><strong>Mission<\/strong><\/h2>\n\n\n\n<p>Our mission at Espa\u00e7o News is to provide a platform where you can immerse yourself in the latest technological trends, discover innovative applications, and satisfy your curiosity with interesting information from a variety of fields.<\/p>\n\n\n\n<p>We want to be your trusted source of valuable information and practical tips that make your digital life more exciting and efficient.<\/p>\n\n\n\n<h2 class=\"wp-block-heading\"><strong>What we offer<\/strong><\/h2>\n\n\n\n<ol>\n<li><strong>Emerging Technologies:<\/strong>&nbsp;Stay up-to-date on the latest technologies, from scientific breakthroughs to the latest device innovations.<\/li>\n\n\n\n<li><strong>Amazing Apps:<\/strong>&nbsp;Explore detailed reviews of useful, fun, and innovative apps that will help you get the most out of your device.<\/li>\n\n\n\n<li><strong>Surprising curiosities:<\/strong>&nbsp;From fun facts to fascinating discoveries, our trivia section offers an informative and relaxing journey.<\/li>\n\n\n\n<li><strong>Helpful tips:<\/strong>&nbsp;We simplify your digital life with practical advice on everything from device optimization to tips to make your everyday life easier.<\/li>\n<\/ol>\n\n\n\n<h2 class=\"wp-block-heading\"><strong>Commitment to quality<\/strong><\/h2>\n\n\n\n<p>At Espa\u00e7o News we believe in quality content.<\/p>\n\n\n\n<p>Our editorial team is made up of experts passionate about their respective fields, ensuring that each article is well-researched, up-to-date, and relevant to our readers.<\/p>\n\n\n\n<h2 class=\"wp-block-heading\"><strong>Connect with us<\/strong><\/h2>\n\n\n\n<p>We&#039;d love to hear from you! Share your ideas, suggestions, or questions. Our goal is to create an interactive and collaborative community where knowledge sharing is valued.<\/p>\n\n\n\n<p>Thank you for choosing Espa\u00e7o News as your digital news source. We look forward to embarking on this technological journey with you!<\/p>","protected":false},"excerpt":{"rendered":"<p>\u00a1Bienvenido a Espa\u00e7o News, tu destino en l\u00ednea para explorar el fascinante mundo de la tecnolog\u00eda, aplicaciones, datos curiosos y consejos! Somos un equipo apasionado por la innovaci\u00f3n y el conocimiento, dedicado a brindar contenido atractivo e informativo para nuestros lectores. Misi\u00f3n Nuestra misi\u00f3n en Espa\u00e7o News es proporcionar una plataforma donde puedas sumergirte en [&hellip;]<\/p>","protected":false},"author":139,"featured_media":0,"parent":0,"menu_order":0,"comment_status":"closed","ping_status":"closed","template":"","meta":{"footnotes":""},"yoast_head":"<!-- This site is optimized with the Yoast SEO plugin v23.3 - https:\/\/yoast.com\/wordpress\/plugins\/seo\/ -->\n<title>Quienes somos - Espa\u00e7o News<\/title>\n<meta name=\"robots\" content=\"index, follow, max-snippet:-1, max-image-preview:large, max-video-preview:-1\" \/>\n<link rel=\"canonical\" href=\"https:\/\/espaconews.com\/en\/quienes-somos\/\" \/>\n<meta property=\"og:locale\" content=\"en_US\" \/>\n<meta property=\"og:type\" content=\"article\" \/>\n<meta property=\"og:title\" content=\"Quienes somos - Espa\u00e7o News\" \/>\n<meta property=\"og:description\" content=\"\u00a1Bienvenido a Espa\u00e7o News, tu destino en l\u00ednea para explorar el fascinante mundo de la tecnolog\u00eda, aplicaciones, datos curiosos y consejos! Somos un equipo apasionado por la innovaci\u00f3n y el conocimiento, dedicado a brindar contenido atractivo e informativo para nuestros lectores. Misi\u00f3n Nuestra misi\u00f3n en Espa\u00e7o News es proporcionar una plataforma donde puedas sumergirte en [&hellip;]\" \/>\n<meta property=\"og:url\" content=\"https:\/\/espaconews.com\/en\/quienes-somos\/\" \/>\n<meta property=\"og:site_name\" content=\"Espa\u00e7o News\" \/>\n<meta property=\"article:modified_time\" content=\"2025-07-21T18:11:15+00:00\" \/>\n<meta name=\"twitter:card\" content=\"summary_large_image\" \/>\n<meta name=\"twitter:label1\" content=\"Est. reading time\" \/>\n\t<meta name=\"twitter:data1\" content=\"2 minutes\" \/>\n<script type=\"application\/ld+json\" class=\"yoast-schema-graph\">{\"@context\":\"https:\/\/schema.org\",\"@graph\":[{\"@type\":\"WebPage\",\"@id\":\"http:\/\/espaconews.com\/quienes-somos\/\",\"url\":\"http:\/\/espaconews.com\/quienes-somos\/\",\"name\":\"Quienes somos - Espa\u00e7o News\",\"isPartOf\":{\"@id\":\"http:\/\/espaconews.com\/#website\"},\"datePublished\":\"2023-12-14T19:06:34+00:00\",\"dateModified\":\"2025-07-21T18:11:15+00:00\",\"breadcrumb\":{\"@id\":\"http:\/\/espaconews.com\/quienes-somos\/#breadcrumb\"},\"inLanguage\":\"en-US\",\"potentialAction\":[{\"@type\":\"ReadAction\",\"target\":[\"http:\/\/espaconews.com\/quienes-somos\/\"]}]},{\"@type\":\"BreadcrumbList\",\"@id\":\"http:\/\/espaconews.com\/quienes-somos\/#breadcrumb\",\"itemListElement\":[{\"@type\":\"ListItem\",\"position\":1,\"name\":\"Home\",\"item\":\"http:\/\/espaconews.com\/\"},{\"@type\":\"ListItem\",\"position\":2,\"name\":\"Quienes somos\"}]},{\"@type\":\"WebSite\",\"@id\":\"http:\/\/espaconews.com\/#website\",\"url\":\"http:\/\/espaconews.com\/\",\"name\":\"Espa\u00e7o News\",\"description\":\"\",\"potentialAction\":[{\"@type\":\"SearchAction\",\"target\":{\"@type\":\"EntryPoint\",\"urlTemplate\":\"http:\/\/espaconews.com\/?s={search_term_string}\"},\"query-input\":\"required name=search_term_string\"}],\"inLanguage\":\"en-US\"}]}<\/script>\n<!-- \/ Yoast SEO plugin. -->","yoast_head_json":{"title":"Quienes somos - Espa\u00e7o News","robots":{"index":"index","follow":"follow","max-snippet":"max-snippet:-1","max-image-preview":"max-image-preview:large","max-video-preview":"max-video-preview:-1"},"canonical":"https:\/\/espaconews.com\/en\/quienes-somos\/","og_locale":"en_US","og_type":"article","og_title":"Quienes somos - Espa\u00e7o News","og_description":"\u00a1Bienvenido a Espa\u00e7o News, tu destino en l\u00ednea para explorar el fascinante mundo de la tecnolog\u00eda, aplicaciones, datos curiosos y consejos! Somos un equipo apasionado por la innovaci\u00f3n y el conocimiento, dedicado a brindar contenido atractivo e informativo para nuestros lectores. Misi\u00f3n Nuestra misi\u00f3n en Espa\u00e7o News es proporcionar una plataforma donde puedas sumergirte en [&hellip;]","og_url":"https:\/\/espaconews.com\/en\/quienes-somos\/","og_site_name":"Espa\u00e7o News","article_modified_time":"2025-07-21T18:11:15+00:00","twitter_card":"summary_large_image","twitter_misc":{"Est. reading time":"2 minutes"},"schema":{"@context":"https:\/\/schema.org","@graph":[{"@type":"WebPage","@id":"http:\/\/espaconews.com\/quienes-somos\/","url":"http:\/\/espaconews.com\/quienes-somos\/","name":"Quienes somos - Espa\u00e7o News","isPartOf":{"@id":"http:\/\/espaconews.com\/#website"},"datePublished":"2023-12-14T19:06:34+00:00","dateModified":"2025-07-21T18:11:15+00:00","breadcrumb":{"@id":"http:\/\/espaconews.com\/quienes-somos\/#breadcrumb"},"inLanguage":"en-US","potentialAction":[{"@type":"ReadAction","target":["http:\/\/espaconews.com\/quienes-somos\/"]}]},{"@type":"BreadcrumbList","@id":"http:\/\/espaconews.com\/quienes-somos\/#breadcrumb","itemListElement":[{"@type":"ListItem","position":1,"name":"Home","item":"http:\/\/espaconews.com\/"},{"@type":"ListItem","position":2,"name":"Quienes somos"}]},{"@type":"WebSite","@id":"http:\/\/espaconews.com\/#website","url":"http:\/\/espaconews.com\/","name":"Espa\u00e7o News","description":"","potentialAction":[{"@type":"SearchAction","target":{"@type":"EntryPoint","urlTemplate":"http:\/\/espaconews.com\/?s={search_term_string}"},"query-input":"required name=search_term_string"}],"inLanguage":"en-US"}]}},"_links":{"self":[{"href":"https:\/\/espaconews.com\/en\/wp-json\/wp\/v2\/pages\/11"}],"collection":[{"href":"https:\/\/espaconews.com\/en\/wp-json\/wp\/v2\/pages"}],"about":[{"href":"https:\/\/espaconews.com\/en\/wp-json\/wp\/v2\/types\/page"}],"author":[{"embeddable":true,"href":"https:\/\/espaconews.com\/en\/wp-json\/wp\/v2\/users\/139"}],"replies":[{"embeddable":true,"href":"https:\/\/espaconews.com\/en\/wp-json\/wp\/v2\/comments?post=11"}],"version-history":[{"count":1,"href":"https:\/\/espaconews.com\/en\/wp-json\/wp\/v2\/pages\/11\/revisions"}],"predecessor-version":[{"id":2371,"href":"https:\/\/espaconews.com\/en\/wp-json\/wp\/v2\/pages\/11\/revisions\/2371"}],"wp:attachment":[{"href":"https:\/\/espaconews.com\/en\/wp-json\/wp\/v2\/media?parent=11"}],"curies":[{"name":"wp","href":"https:\/\/api.w.org\/{rel}","templated":true}]}}