{"id":278,"date":"2023-12-20T19:54:32","date_gmt":"2023-12-20T22:54:32","guid":{"rendered":"https:\/\/67.222.158.10\/~espaconews\/?page_id=278"},"modified":"2023-12-20T19:54:32","modified_gmt":"2023-12-20T22:54:32","slug":"terminos-y-condiciones-de-uso","status":"publish","type":"page","link":"https:\/\/espaconews.com\/de\/terminos-y-condiciones-de-uso\/","title":{"rendered":"Nutzungsbedingungen"},"content":{"rendered":"<p>Seja bem-vindo ao Espa\u00e7o News!<\/p>\n\n\n\n<p>Diese Allgemeinen Gesch\u00e4ftsbedingungen legen die Nutzungsregeln der Unternehmenswebsite von Espa\u00e7o News fest, die sich unter https:\/\/espaconews.com\/\/ befindet.<\/p>\n\n\n\n<p>Mit dem Zugriff auf diese Website erkl\u00e4ren Sie sich mit den unten aufgef\u00fchrten Bedingungen einverstanden. Wenn Sie mit den in diesem Vertrag beschriebenen Bedingungen nicht einverstanden sind, d\u00fcrfen Sie den News Space nicht weiter nutzen.<\/p>\n\n\n\n<h2 class=\"wp-block-heading\">Kekse:<\/h2>\n\n\n\n<p>Die Website verwendet Cookies, um Ihr Internet-Erlebnis zu personalisieren. F\u00fcr den Zugriff auf die Espa\u00e7o News-Website stimmen Sie der Verwendung von zwei erforderlichen Cookies zu.<\/p>\n\n\n\n<p>Cookies sind Textdateien, die vom Server einer Webseite auf Ihrer Festplatte abgelegt werden. Cookies d\u00fcrfen keine Programme ausf\u00fchren oder Viren auf Ihren Computer \u00fcbertragen. Cookies sind ausschlie\u00dflich Ihnen zugeordnet und k\u00f6nnen nur vom Webserver der Domain verwendet werden, die den Cookie gesetzt hat.<\/p>\n\n\n\n<p>Wir d\u00fcrfen keine Cookies verwenden, um Informationen f\u00fcr statistische und Marketingzwecke auf unserer Site zu sammeln, zu speichern oder zu verfolgen.<\/p>\n\n\n\n<p>Sie haben die M\u00f6glichkeit, optionale Cookies zu deaktivieren oder zu entfernen. Es gibt einige obligatorische Cookies, die f\u00fcr das Funktionieren unserer Website erforderlich sind. Diese obligatorischen Cookies erfordern nicht Ihre Zustimmung.<\/p>\n\n\n\n<p>Bitte beachten Sie, dass Sie mit dem Setzen der erforderlichen Cookies auch Drittanbieter-Cookies setzen, die von Dritten verwendet werden k\u00f6nnen, wenn Sie von diesen bereitgestellte Dienste auf unserer Site nutzen \u2013 beispielsweise einen von Drittunternehmen bereitgestellten und in unsere Site integrierten Videowiedergabekanal.<\/p>\n\n\n\n<h2 class=\"wp-block-heading\">Lizenz:<\/h2>\n\n\n\n<p>Sofern nicht anders angegeben oder anders angegeben, besitzen Espa\u00e7o News und seine Lizenznehmer das direkte geistige Eigentum an allen auf Espa\u00e7o News ver\u00f6ffentlichten Materialien.<\/p>\n\n\n\n<p>Alle Rechte am geistigen Eigentum sind vorbehalten.<\/p>\n\n\n\n<p>Sie haben keine Berechtigung zum:<\/p>\n\n\n\n<ul>\n<li>Materialien von Espa\u00e7o News kopieren oder erneut ver\u00f6ffentlichen<\/li>\n\n\n\n<li>Verkaufen, lagern oder unterverlagern Sie Materialien von Espa\u00e7o News<\/li>\n\n\n\n<li>Materialien von Espa\u00e7o News abspielen, duplizieren oder kopieren<\/li>\n\n\n\n<li>Verteilen Sie Inhalte von Espa\u00e7o News weiter<\/li>\n<\/ul>\n\n\n\n<p>Diese Vereinbarung tritt mit dem heutigen Datum in Kraft.<\/p>\n\n\n\n<p>Teile dieser Website bieten dem Benutzer die M\u00f6glichkeit, Meinungen und Informationen in bestimmten Bereichen zu ver\u00f6ffentlichen und zu diskutieren. Espa\u00e7o News filtert, bearbeitet, ver\u00f6ffentlicht oder \u00fcberpr\u00fcft Kommentare nicht, bevor sie auf der Website angezeigt werden.<\/p>\n\n\n\n<p>Kommentare spiegeln die Meinung der Personen wider, die Ihnen Beitr\u00e4ge senden. Soweit gesetzlich zul\u00e4ssig, haftet Espa\u00e7o News nicht f\u00fcr Kommentare oder Sch\u00e4den, Risiken oder Verluste, die durch die Nutzung und\/oder Ver\u00f6ffentlichung und\/oder das Erscheinen von Kommentaren auf dieser Website entstehen.<\/p>\n\n\n\n<p>Espa\u00e7o News beh\u00e4lt sich das Recht vor, Kommentare zu entfernen, die als unangemessen, beleidigend oder als Versto\u00df gegen die Allgemeinen Gesch\u00e4ftsbedingungen dieses Vertrags angesehen werden.<\/p>\n\n\n\n<p>Voc\u00ea declara e garante que:<\/p>\n\n\n\n<ul>\n<li>Sie haben das Recht, Kommentare auf unserer Site zu ver\u00f6ffentlichen und verf\u00fcgen \u00fcber alle Lizenzen und Zustimmungen daf\u00fcr.<\/li>\n\n\n\n<li>Diese Kommentare verletzen kein geistiges Eigentum, einschlie\u00dflich Urheberrechte, Patente oder Marken Dritter;<\/li>\n\n\n\n<li>Diese Kommentare enthalten kein diffamierendes, verleumderisches, beleidigendes, unanst\u00e4ndiges oder anderweitig rechtswidriges Material, das einen Eingriff in die Privatsph\u00e4re darstellt.<\/li>\n\n\n\n<li>Ihre Kommentare werden nicht verwendet, um Gesch\u00e4fte anzubahnen oder zu f\u00f6rdern oder kommerzielle oder illegale Aktivit\u00e4ten darzustellen.<\/li>\n<\/ul>\n\n\n\n<p>Sie erteilen Espa\u00e7o News hiermit eine nicht exklusive Lizenz zur Nutzung, Vervielf\u00e4ltigung und Bearbeitung Ihrer Kommentare und zur Erm\u00e4chtigung anderer zur Nutzung, Vervielf\u00e4ltigung und Bearbeitung in allen Formen, Formaten und Medien.<\/p>\n\n\n\n<h2 class=\"wp-block-heading\">Erstellen von Links f\u00fcr unsere Inhalte<\/h2>\n\n\n\n<p>Die folgenden Organisationen d\u00fcrfen ohne vorherige schriftliche Genehmigung Links zu unserer Site erstellen:<\/p>\n\n\n\n<ul>\n<li>Ag\u00eancias governamentais;<\/li>\n\n\n\n<li>Suchmechanismen;<\/li>\n\n\n\n<li>Organiza\u00e7\u00f5es de m\u00eddia;<\/li>\n\n\n\n<li>Verteiler von Online-Verzeichnissen k\u00f6nnen Links zu unserer Site auf die gleiche Weise einf\u00fcgen, wie wir Hyperlinks zu Sites anderer b\u00f6rsennotierter Unternehmen einf\u00fcgen; und<\/li>\n\n\n\n<li>Akkreditierte Unternehmen, mit Ausnahme von gemeinn\u00fctzigen Organisationen und Spendengruppen f\u00fcr wohlt\u00e4tige Einrichtungen, d\u00fcrfen ohne vorherige Genehmigung keine Links zu unserer Site einf\u00fcgen.<\/li>\n<\/ul>\n\n\n\n<p>Diese Organisationen d\u00fcrfen Links zu unserer Homepage, unseren Ver\u00f6ffentlichungen oder anderen Informationen auf der Site ver\u00f6ffentlichen, vorausgesetzt, dass der Link: (a) in keiner Weise irref\u00fchrend erscheint; (b) nicht f\u00e4lschlicherweise das Bestehen einer Sponsoring-, Unterst\u00fctzungs- oder Billigungsbeziehung zu unseren Produkten und\/oder Dienstleistungen suggeriert; und (c) f\u00fcr den Kontext, in dem er eingef\u00fcgt wird, angemessen ist.<\/p>\n\n\n\n<p>Wir k\u00f6nnen Linkanfragen f\u00fcr die folgenden Arten von Organisationen pr\u00fcfen und genehmigen:<\/p>\n\n\n\n<ul>\n<li>bekannte Informationsquellen \u00fcber Produkte und Unternehmen;<\/li>\n\n\n\n<li>Community-Sites ponto.com;<\/li>\n\n\n\n<li>Vereine und andere Gruppen, die gemeinn\u00fctzige Einrichtungen vertreten;<\/li>\n\n\n\n<li>Online-Verzeichnisverteiler;<\/li>\n\n\n\n<li>Internetportale;<\/li>\n\n\n\n<li>Wirtschaftspr\u00fcfungs-, Anwalts- und Beratungsfirmen; und<\/li>\n\n\n\n<li>Bildungseinrichtungen und Klassenverb\u00e4nde.<\/li>\n<\/ul>\n\n\n\n<p>Wir genehmigen Linkanfragen f\u00fcr die oben aufgef\u00fchrten Arten von Organisationen und gehen davon aus, dass: (a) der Link sich nicht nachteilig auf unser Image und\/oder das Image akkreditierter Unternehmen auswirkt; (b) die antragstellende Organisation keine bekannte negative Vergangenheit hat; (c) der Nutzen, den wir aus der Sichtbarkeit des Links ziehen, das Fehlen des News Space ausgleicht; und (d) der Link in einen allgemeinen informativen Kontext eingef\u00fcgt wird.<\/p>\n\n\n\n<p>Diese Organisationen d\u00fcrfen Links zu unserer Homepage posten, solange der Link: (a) in keiner Weise irref\u00fchrend erscheint; (b) nicht f\u00e4lschlicherweise das Bestehen einer Sponsoring-, Unterst\u00fctzungs- oder Billigungsbeziehung zu Produkten und\/oder Dienstleistungen unserer Partei suggeriert; und (c) f\u00fcr den Kontext, in dem er eingef\u00fcgt wird, angemessen ist.<\/p>\n\n\n\n<p>Wenn Sie eine der in Absatz 2 genannten Organisationen vertreten und einen Link zu unserer Website ver\u00f6ffentlichen m\u00f6chten, teilen Sie uns dies bitte per E-Mail an Espa\u00e7o News mit. Bitte geben Sie den Namen Ihrer Organisation und Ihre Kontaktdaten sowie die URL Ihrer Website, eine Liste der URLs unserer Website, die Sie als Links verwenden m\u00f6chten, und eine Liste der Websites an, auf denen Sie unsere URLs ver\u00f6ffentlichen m\u00f6chten. Die Antwortzeit betr\u00e4gt zwei bis drei Wochen.<\/p>\n\n\n\n<p>Zugelassene Organisationen k\u00f6nnen Links zu unserer Site auf folgende Weise ver\u00f6ffentlichen:<\/p>\n\n\n\n<ul>\n<li>Unter Verwendung unseres Firmennamens; ou<\/li>\n\n\n\n<li>Verwenden der URL f\u00fcr Where- oder Link-Weiterleitungen; ou<\/li>\n\n\n\n<li>Verwenden Sie eine andere Beschreibung unserer Site, die im Kontext und Format des Inhalts, in den der Link eingef\u00fcgt wird, sinnvoll ist.<\/li>\n<\/ul>\n\n\n\n<p>Die Verwendung oder Ver\u00f6ffentlichung von Links zum Logo und\/oder anderen visuellen Elementen des News Space ist ohne eine Lizenzvereinbarung zur Verwendung der eingetragenen Marke nicht gestattet.<\/p>\n\n\n\n<h2 class=\"wp-block-heading\">Verantwortlich f\u00fcr den Inhalt:<\/h2>\n\n\n\n<p>Wir \u00fcbernehmen keine rechtliche Verantwortung f\u00fcr Inhalte auf Ihrer Website. Sie verpflichten sich, uns vor allen auf Ihrer Website erhobenen Vorw\u00fcrfen zu sch\u00fctzen und zu verteidigen. Auf keiner Website d\u00fcrfen Links erscheinen, die als diffamierend, obsz\u00f6n oder kriminell interpretiert werden k\u00f6nnen oder die Rechte Dritter verletzen, verletzen oder deren Verletzung rechtfertigen.<\/p>\n\n\n\n<h2 class=\"wp-block-heading\">Vorbehalt von Rechten:<\/h2>\n\n\n\n<p>Wir behalten uns das Recht vor, Sie aufzufordern, alle Links oder Links, die auf unsere Website weiterleiten, zu entfernen. Sie verpflichten sich, alle Links zu unserer Website unverz\u00fcglich zu entfernen, sobald die Entfernung angefordert wird. Wir behalten uns au\u00dferdem das Recht vor, diese Nutzungsbedingungen jederzeit zu korrigieren und zu \u00e4ndern. Wenn wir weiterhin Links zu unserer Website ver\u00f6ffentlichen, verpflichten Sie sich, diese Nutzungsbedingungen f\u00fcr Links einzuhalten.<\/p>\n\n\n\n<h2 class=\"wp-block-heading\">Entfernung von auf unserer Site ver\u00f6ffentlichten Links:<\/h2>\n\n\n\n<p>Sollten Sie auf unserer Website einen anst\u00f6\u00dfigen Link finden, k\u00f6nnen Sie uns jederzeit kontaktieren und uns \u00fcber das Problem informieren. Wir pr\u00fcfen Anfragen zur Entfernung von Links, sind jedoch nicht verpflichtet, Links von unserer Website zu entfernen oder direkt auf Ihre Anfrage zu antworten.<\/p>\n\n\n\n<p>Wir \u00fcbernehmen keine Garantie f\u00fcr die Richtigkeit der auf dieser Website enthaltenen Informationen. Wir \u00fcbernehmen keine Garantie f\u00fcr die Vollst\u00e4ndigkeit oder Richtigkeit der Inhalte. Wir garantieren nicht, dass die Website verf\u00fcgbar bleibt oder dass das Material auf der Website aktuell bleibt.<\/p>\n\n\n\n<h2 class=\"wp-block-heading\">Verantwortungserkl\u00e4rung:<\/h2>\n\n\n\n<p>Soweit gesetzlich zul\u00e4ssig, schlie\u00dfen wir s\u00e4mtliche Zusicherungen, Gew\u00e4hrleistungen und Bedingungen in Bezug auf unsere Website und deren Nutzung aus. Nichts in dieser Haftungserkl\u00e4rung ist:<\/p>\n\n\n\n<ul>\n<li>unsere Haftung oder Ihre Haftung f\u00fcr Tod oder Personensch\u00e4den beschr\u00e4nken oder ausschlie\u00dfen;<\/li>\n\n\n\n<li>unsere Haftung oder Haftung f\u00fcr Betrug oder betr\u00fcgerische Transaktionen beschr\u00e4nken oder ausschlie\u00dfen;<\/li>\n\n\n\n<li>unsere Haftung oder Ihre Verantwortung auf eine gesetzlich nicht zul\u00e4ssige Weise beschr\u00e4nken;<\/li>\n\n\n\n<li>jegliche Haftung Ihrer oder unsererseits auszuschlie\u00dfen, die gem\u00e4\u00df geltendem Recht nicht ausgeschlossen werden kann.<\/li>\n<\/ul>\n\n\n\n<p>Die in diesem Abschnitt und in anderen Teilen dieser Erkl\u00e4rung aufgef\u00fchrten Haftungsbeschr\u00e4nkungen und -verbote: (a) unterliegen dem vorhergehenden Absatz; und (b) regeln alle Haftungen, die sich aus der Erkl\u00e4rung ergeben, einschlie\u00dflich Haftungen aus Vertr\u00e4gen, Straftaten und Verst\u00f6\u00dfen gegen gesetzliche Verpflichtungen.<\/p>\n\n\n\n<p>Solange die Site und die Informationen und Dienste der Site kostenlos angeboten werden, haften wir nicht f\u00fcr Verluste oder Sch\u00e4den jeglicher Art.<\/p>","protected":false},"excerpt":{"rendered":"<p>Seid gespannt auf Espa\u00e7o News! Diese Allgemeinen Gesch\u00e4ftsbedingungen legen die Nutzungsregeln der Unternehmenswebsite von Espa\u00e7o News unter https:\/\/espaconews.com\/\/ fest. Durch den Zugriff auf diese Website erkl\u00e4ren Sie sich mit den unten aufgef\u00fchrten Bedingungen einverstanden. Nutzen Sie den News Space nicht weiter, wenn Sie mit den beschriebenen Bedingungen nicht einverstanden sind.<\/p>","protected":false},"author":0,"featured_media":0,"parent":0,"menu_order":0,"comment_status":"closed","ping_status":"closed","template":"","meta":{"footnotes":""},"yoast_head":"<!-- This site is optimized with the Yoast SEO plugin v23.3 - https:\/\/yoast.com\/wordpress\/plugins\/seo\/ -->\n<title>T\u00e9rminos y condiciones de uso - Espa\u00e7o News<\/title>\n<meta name=\"description\" content=\"Termos e Condi\u00e7\u00f5es de Uso\" \/>\n<meta name=\"robots\" content=\"index, follow, max-snippet:-1, max-image-preview:large, max-video-preview:-1\" \/>\n<link rel=\"canonical\" href=\"https:\/\/espaconews.com\/de\/terminos-y-condiciones-de-uso\/\" \/>\n<meta property=\"og:locale\" content=\"de_DE\" \/>\n<meta property=\"og:type\" content=\"article\" \/>\n<meta property=\"og:title\" content=\"T\u00e9rminos y condiciones de uso - Espa\u00e7o News\" \/>\n<meta property=\"og:description\" content=\"Termos e Condi\u00e7\u00f5es de Uso\" \/>\n<meta property=\"og:url\" content=\"https:\/\/espaconews.com\/de\/terminos-y-condiciones-de-uso\/\" \/>\n<meta property=\"og:site_name\" content=\"Espa\u00e7o News\" \/>\n<meta name=\"twitter:card\" content=\"summary_large_image\" \/>\n<meta name=\"twitter:label1\" content=\"Est. reading time\" \/>\n\t<meta name=\"twitter:data1\" content=\"8 Minuten\" \/>\n<script type=\"application\/ld+json\" class=\"yoast-schema-graph\">{\"@context\":\"https:\/\/schema.org\",\"@graph\":[{\"@type\":\"WebPage\",\"@id\":\"https:\/\/espaconews.com\/terminos-y-condiciones-de-uso\/\",\"url\":\"https:\/\/espaconews.com\/terminos-y-condiciones-de-uso\/\",\"name\":\"T\u00e9rminos y condiciones de uso - Espa\u00e7o News\",\"isPartOf\":{\"@id\":\"http:\/\/espaconews.com\/#website\"},\"datePublished\":\"2023-12-20T22:54:32+00:00\",\"dateModified\":\"2023-12-20T22:54:32+00:00\",\"description\":\"Termos e Condi\u00e7\u00f5es de Uso\",\"breadcrumb\":{\"@id\":\"https:\/\/espaconews.com\/terminos-y-condiciones-de-uso\/#breadcrumb\"},\"inLanguage\":\"de-DE\",\"potentialAction\":[{\"@type\":\"ReadAction\",\"target\":[\"https:\/\/espaconews.com\/terminos-y-condiciones-de-uso\/\"]}]},{\"@type\":\"BreadcrumbList\",\"@id\":\"https:\/\/espaconews.com\/terminos-y-condiciones-de-uso\/#breadcrumb\",\"itemListElement\":[{\"@type\":\"ListItem\",\"position\":1,\"name\":\"Home\",\"item\":\"http:\/\/espaconews.com\/\"},{\"@type\":\"ListItem\",\"position\":2,\"name\":\"T\u00e9rminos y condiciones de uso\"}]},{\"@type\":\"WebSite\",\"@id\":\"http:\/\/espaconews.com\/#website\",\"url\":\"http:\/\/espaconews.com\/\",\"name\":\"Espa\u00e7o News\",\"description\":\"\",\"potentialAction\":[{\"@type\":\"SearchAction\",\"target\":{\"@type\":\"EntryPoint\",\"urlTemplate\":\"http:\/\/espaconews.com\/?s={search_term_string}\"},\"query-input\":\"required name=search_term_string\"}],\"inLanguage\":\"de-DE\"}]}<\/script>\n<!-- \/ Yoast SEO plugin. -->","yoast_head_json":{"title":"T\u00e9rminos y condiciones de uso - Espa\u00e7o News","description":"Termos e Condi\u00e7\u00f5es de Uso","robots":{"index":"index","follow":"follow","max-snippet":"max-snippet:-1","max-image-preview":"max-image-preview:large","max-video-preview":"max-video-preview:-1"},"canonical":"https:\/\/espaconews.com\/de\/terminos-y-condiciones-de-uso\/","og_locale":"de_DE","og_type":"article","og_title":"T\u00e9rminos y condiciones de uso - Espa\u00e7o News","og_description":"Termos e Condi\u00e7\u00f5es de Uso","og_url":"https:\/\/espaconews.com\/de\/terminos-y-condiciones-de-uso\/","og_site_name":"Espa\u00e7o News","twitter_card":"summary_large_image","twitter_misc":{"Est. reading time":"8 Minuten"},"schema":{"@context":"https:\/\/schema.org","@graph":[{"@type":"WebPage","@id":"https:\/\/espaconews.com\/terminos-y-condiciones-de-uso\/","url":"https:\/\/espaconews.com\/terminos-y-condiciones-de-uso\/","name":"T\u00e9rminos y condiciones de uso - Espa\u00e7o News","isPartOf":{"@id":"http:\/\/espaconews.com\/#website"},"datePublished":"2023-12-20T22:54:32+00:00","dateModified":"2023-12-20T22:54:32+00:00","description":"Termos e Condi\u00e7\u00f5es de Uso","breadcrumb":{"@id":"https:\/\/espaconews.com\/terminos-y-condiciones-de-uso\/#breadcrumb"},"inLanguage":"de-DE","potentialAction":[{"@type":"ReadAction","target":["https:\/\/espaconews.com\/terminos-y-condiciones-de-uso\/"]}]},{"@type":"BreadcrumbList","@id":"https:\/\/espaconews.com\/terminos-y-condiciones-de-uso\/#breadcrumb","itemListElement":[{"@type":"ListItem","position":1,"name":"Home","item":"http:\/\/espaconews.com\/"},{"@type":"ListItem","position":2,"name":"T\u00e9rminos y condiciones de uso"}]},{"@type":"WebSite","@id":"http:\/\/espaconews.com\/#website","url":"http:\/\/espaconews.com\/","name":"Espa\u00e7o News","description":"","potentialAction":[{"@type":"SearchAction","target":{"@type":"EntryPoint","urlTemplate":"http:\/\/espaconews.com\/?s={search_term_string}"},"query-input":"required name=search_term_string"}],"inLanguage":"de-DE"}]}},"_links":{"self":[{"href":"https:\/\/espaconews.com\/de\/wp-json\/wp\/v2\/pages\/278"}],"collection":[{"href":"https:\/\/espaconews.com\/de\/wp-json\/wp\/v2\/pages"}],"about":[{"href":"https:\/\/espaconews.com\/de\/wp-json\/wp\/v2\/types\/page"}],"replies":[{"embeddable":true,"href":"https:\/\/espaconews.com\/de\/wp-json\/wp\/v2\/comments?post=278"}],"version-history":[{"count":0,"href":"https:\/\/espaconews.com\/de\/wp-json\/wp\/v2\/pages\/278\/revisions"}],"wp:attachment":[{"href":"https:\/\/espaconews.com\/de\/wp-json\/wp\/v2\/media?parent=278"}],"curies":[{"name":"wp","href":"https:\/\/api.w.org\/{rel}","templated":true}]}}