{"id":1919,"date":"2023-12-14T14:42:16","date_gmt":"2023-12-14T17:42:16","guid":{"rendered":"https:\/\/67.222.158.10\/~espaconews\/?page_id=3"},"modified":"2025-07-21T15:10:10","modified_gmt":"2025-07-21T18:10:10","slug":"politica-de-privacidad","status":"publish","type":"page","link":"https:\/\/espaconews.com\/de\/politica-de-privacidad\/","title":{"rendered":"Datenschutzrichtlinie"},"content":{"rendered":"<p>Ihre Privatsph\u00e4re ist uns wichtig. Espa\u00e7o News respektiert Ihre Privatsph\u00e4re in Bezug auf alle Informationen, die wir auf der Website von Ihnen sammeln.&nbsp;<a href=\"https:\/\/espaconews.com\/de\/\">von Espa\u00e7o News<\/a>&nbsp;und auf anderen Websites, die wir besitzen und betreiben.<\/p>\n\n\n\n<p>Wir fragen nur dann nach personenbezogenen Daten, wenn wir diese wirklich ben\u00f6tigen, um Ihnen einen Service zu bieten. Wir erheben diese Daten auf faire und rechtm\u00e4\u00dfige Weise, mit Ihrem Wissen und Ihrer Zustimmung. Wir informieren Sie auch dar\u00fcber, warum wir diese Daten erheben und wie wir sie verwenden.<\/p>\n\n\n\n<p>Wir speichern die erhobenen Daten nur so lange, wie es f\u00fcr die Bereitstellung des gew\u00fcnschten Dienstes erforderlich ist. Wir sch\u00fctzen die von uns gespeicherten Daten mit kommerziell vertretbaren Mitteln, um Verlust und Diebstahl sowie unbefugten Zugriff, Offenlegung, Vervielf\u00e4ltigung, Nutzung oder \u00c4nderung zu verhindern.<\/p>\n\n\n\n<p>Wir geben personenbezogene Daten weder \u00f6ffentlich noch an Dritte weiter, es sei denn, wir sind gesetzlich dazu verpflichtet.<\/p>\n\n\n\n<p>Unsere Website kann Links zu externen Websites enthalten, die wir nicht betreiben. Bitte beachten Sie, dass wir keine Kontrolle \u00fcber den Inhalt oder die Praktiken dieser Websites haben und nicht f\u00fcr deren jeweilige&nbsp;&nbsp;<a href=\"https:\/\/politicaprivacidade.com\/\" rel=\"noreferrer noopener\" target=\"_blank\">Datenschutzrichtlinien<\/a>&nbsp;.<\/p>\n\n\n\n<p>Es steht Ihnen frei, unsere Anfrage nach Ihren pers\u00f6nlichen Daten abzulehnen, wobei wir Ihnen jedoch m\u00f6glicherweise einige der von Ihnen gew\u00fcnschten Dienste nicht zur Verf\u00fcgung stellen k\u00f6nnen.<\/p>\n\n\n\n<p>Ihre fortgesetzte Nutzung unserer Website gilt als Zustimmung zu unseren Datenschutzpraktiken und der Handhabung personenbezogener Daten. Wenn Sie Fragen zum Umgang mit Benutzerdaten und personenbezogenen Daten haben, kontaktieren Sie uns bitte.<\/p>\n\n\n\n<ul>\n<li>Der von uns zum Anzeigen von Werbung verwendete Google AdSense-Dienst verwendet ein DoubleClick-Cookie, um relevantere Anzeigen im gesamten Web anzuzeigen und die H\u00e4ufigkeit zu begrenzen, mit der Ihnen eine bestimmte Anzeige angezeigt wird.<\/li>\n\n\n\n<li>Weitere Informationen zu Google AdSense finden Sie in den offiziellen Datenschutz-FAQs zu Google AdSense.<\/li>\n\n\n\n<li>Wir nutzen Werbung, um die laufenden Kosten dieser Website zu decken und ihre zuk\u00fcnftige Entwicklung zu finanzieren. Die auf dieser Website verwendeten verhaltensbasierten Werbe-Cookies sollen sicherstellen, dass wir Ihnen m\u00f6glichst relevante Werbung anbieten, indem wir Ihre Interessen anonym verfolgen und Ihnen \u00e4hnliche Inhalte pr\u00e4sentieren, die f\u00fcr Sie von Interesse sein k\u00f6nnten.<\/li>\n\n\n\n<li>Verschiedene Partner werben in unserem Namen und mithilfe von Affiliate-Tracking-Cookies k\u00f6nnen wir lediglich feststellen, ob unsere Kunden \u00fcber eine unserer Partner-Sites auf die Site gelangt sind, damit wir ihnen die entsprechenden Gutschriften gutschreiben und unseren Affiliate-Partnern gegebenenfalls die M\u00f6glichkeit geben k\u00f6nnen, Ihnen Anreize f\u00fcr einen Kauf zu bieten.<\/li>\n<\/ul>\n\n\n\n<h3 class=\"wp-block-heading\">Benutzerinteraktion<\/h3>\n\n\n\n<p>Der Benutzer verpflichtet sich, die Inhalte und Informationen, die Espa\u00e7o News auf der Website anbietet, angemessen zu nutzen, und beispielsweise, aber nicht beschr\u00e4nkt auf:<\/p>\n\n\n\n<ul>\n<li>A) sich nicht an illegalen Aktivit\u00e4ten oder Aktivit\u00e4ten zu beteiligen, die gegen Treu und Glauben und die \u00f6ffentliche Ordnung versto\u00dfen;<\/li>\n\n\n\n<li>B) Keine Propaganda oder Inhalte rassistischer, fremdenfeindlicher, gl\u00fccksspielbezogener Natur, jeglicher Art illegaler Pornografie, zur Unterst\u00fctzung des Terrorismus oder zur Verletzung der Menschenrechte zu verbreiten;<\/li>\n\n\n\n<li>C) Keine Sch\u00e4den an den physischen (Hardware) und logischen (Software) Systemen von Espa\u00e7o News, seinen Lieferanten oder Dritten zu verursachen oder Computerviren oder andere physische oder logische Systeme einzuf\u00fchren oder zu verbreiten, die die oben genannten Sch\u00e4den verursachen k\u00f6nnen.<\/li>\n<\/ul>\n\n\n\n<h3 class=\"wp-block-heading\">Weitere Informationen<\/h3>\n\n\n\n<p>Wir hoffen, dass dies die Dinge f\u00fcr Sie gekl\u00e4rt hat. Und wie bereits erw\u00e4hnt: Wenn Sie sich nicht sicher sind, ob Sie etwas ben\u00f6tigen oder nicht, ist es normalerweise sicherer, Cookies aktiviert zu lassen, falls diese mit einer der Funktionen interagieren, die Sie auf unserer Site verwenden.<\/p>\n\n\n\n<p>Diese Richtlinie tritt am 21. Juli 2025 um 18:08 Uhr in Kraft.<\/p>","protected":false},"excerpt":{"rendered":"<p>Ihre Privatsph\u00e4re ist uns wichtig. Espa\u00e7o News respektiert Ihre Privatsph\u00e4re in Bezug auf alle Informationen, die wir auf der Espa\u00e7o News-Website und anderen von uns betriebenen Websites von Ihnen erfassen. Wir fragen nur dann personenbezogene Daten ab, wenn wir diese wirklich ben\u00f6tigen, um Ihnen einen Service zu bieten. Wir erfassen sie auf faire Weise [\u2026]<\/p>","protected":false},"author":139,"featured_media":0,"parent":0,"menu_order":0,"comment_status":"closed","ping_status":"closed","template":"","meta":{"footnotes":""},"yoast_head":"<!-- This site is optimized with the Yoast SEO plugin v23.3 - https:\/\/yoast.com\/wordpress\/plugins\/seo\/ -->\n<title>Pol\u00edtica de privacidad - Espa\u00e7o News<\/title>\n<meta name=\"description\" content=\"Pol\u00edtica de privacidade\" \/>\n<meta name=\"robots\" content=\"index, follow, max-snippet:-1, max-image-preview:large, max-video-preview:-1\" \/>\n<link rel=\"canonical\" href=\"https:\/\/espaconews.com\/de\/politica-de-privacidad\/\" \/>\n<meta property=\"og:locale\" content=\"de_DE\" \/>\n<meta property=\"og:type\" content=\"article\" \/>\n<meta property=\"og:title\" content=\"Pol\u00edtica de privacidad - Espa\u00e7o News\" \/>\n<meta property=\"og:description\" content=\"Pol\u00edtica de privacidade\" \/>\n<meta property=\"og:url\" content=\"https:\/\/espaconews.com\/de\/politica-de-privacidad\/\" \/>\n<meta property=\"og:site_name\" content=\"Espa\u00e7o News\" \/>\n<meta property=\"article:modified_time\" content=\"2025-07-21T18:10:10+00:00\" \/>\n<meta name=\"twitter:card\" content=\"summary_large_image\" \/>\n<meta name=\"twitter:label1\" content=\"Est. reading time\" \/>\n\t<meta name=\"twitter:data1\" content=\"4 Minuten\" \/>\n<script type=\"application\/ld+json\" class=\"yoast-schema-graph\">{\"@context\":\"https:\/\/schema.org\",\"@graph\":[{\"@type\":\"WebPage\",\"@id\":\"https:\/\/espaconews.com\/politica-de-privacidad\/\",\"url\":\"https:\/\/espaconews.com\/politica-de-privacidad\/\",\"name\":\"Pol\u00edtica de privacidad - Espa\u00e7o News\",\"isPartOf\":{\"@id\":\"http:\/\/espaconews.com\/#website\"},\"datePublished\":\"2023-12-14T17:42:16+00:00\",\"dateModified\":\"2025-07-21T18:10:10+00:00\",\"description\":\"Pol\u00edtica de privacidade\",\"breadcrumb\":{\"@id\":\"https:\/\/espaconews.com\/politica-de-privacidad\/#breadcrumb\"},\"inLanguage\":\"de-DE\",\"potentialAction\":[{\"@type\":\"ReadAction\",\"target\":[\"https:\/\/espaconews.com\/politica-de-privacidad\/\"]}]},{\"@type\":\"BreadcrumbList\",\"@id\":\"https:\/\/espaconews.com\/politica-de-privacidad\/#breadcrumb\",\"itemListElement\":[{\"@type\":\"ListItem\",\"position\":1,\"name\":\"Home\",\"item\":\"http:\/\/espaconews.com\/\"},{\"@type\":\"ListItem\",\"position\":2,\"name\":\"Pol\u00edtica de privacidad\"}]},{\"@type\":\"WebSite\",\"@id\":\"http:\/\/espaconews.com\/#website\",\"url\":\"http:\/\/espaconews.com\/\",\"name\":\"Espa\u00e7o News\",\"description\":\"\",\"potentialAction\":[{\"@type\":\"SearchAction\",\"target\":{\"@type\":\"EntryPoint\",\"urlTemplate\":\"http:\/\/espaconews.com\/?s={search_term_string}\"},\"query-input\":\"required name=search_term_string\"}],\"inLanguage\":\"de-DE\"}]}<\/script>\n<!-- \/ Yoast SEO plugin. -->","yoast_head_json":{"title":"Pol\u00edtica de privacidad - Espa\u00e7o News","description":"Pol\u00edtica de privacidade","robots":{"index":"index","follow":"follow","max-snippet":"max-snippet:-1","max-image-preview":"max-image-preview:large","max-video-preview":"max-video-preview:-1"},"canonical":"https:\/\/espaconews.com\/de\/politica-de-privacidad\/","og_locale":"de_DE","og_type":"article","og_title":"Pol\u00edtica de privacidad - Espa\u00e7o News","og_description":"Pol\u00edtica de privacidade","og_url":"https:\/\/espaconews.com\/de\/politica-de-privacidad\/","og_site_name":"Espa\u00e7o News","article_modified_time":"2025-07-21T18:10:10+00:00","twitter_card":"summary_large_image","twitter_misc":{"Est. reading time":"4 Minuten"},"schema":{"@context":"https:\/\/schema.org","@graph":[{"@type":"WebPage","@id":"https:\/\/espaconews.com\/politica-de-privacidad\/","url":"https:\/\/espaconews.com\/politica-de-privacidad\/","name":"Pol\u00edtica de privacidad - Espa\u00e7o News","isPartOf":{"@id":"http:\/\/espaconews.com\/#website"},"datePublished":"2023-12-14T17:42:16+00:00","dateModified":"2025-07-21T18:10:10+00:00","description":"Pol\u00edtica de privacidade","breadcrumb":{"@id":"https:\/\/espaconews.com\/politica-de-privacidad\/#breadcrumb"},"inLanguage":"de-DE","potentialAction":[{"@type":"ReadAction","target":["https:\/\/espaconews.com\/politica-de-privacidad\/"]}]},{"@type":"BreadcrumbList","@id":"https:\/\/espaconews.com\/politica-de-privacidad\/#breadcrumb","itemListElement":[{"@type":"ListItem","position":1,"name":"Home","item":"http:\/\/espaconews.com\/"},{"@type":"ListItem","position":2,"name":"Pol\u00edtica de privacidad"}]},{"@type":"WebSite","@id":"http:\/\/espaconews.com\/#website","url":"http:\/\/espaconews.com\/","name":"Espa\u00e7o News","description":"","potentialAction":[{"@type":"SearchAction","target":{"@type":"EntryPoint","urlTemplate":"http:\/\/espaconews.com\/?s={search_term_string}"},"query-input":"required name=search_term_string"}],"inLanguage":"de-DE"}]}},"_links":{"self":[{"href":"https:\/\/espaconews.com\/de\/wp-json\/wp\/v2\/pages\/1919"}],"collection":[{"href":"https:\/\/espaconews.com\/de\/wp-json\/wp\/v2\/pages"}],"about":[{"href":"https:\/\/espaconews.com\/de\/wp-json\/wp\/v2\/types\/page"}],"author":[{"embeddable":true,"href":"https:\/\/espaconews.com\/de\/wp-json\/wp\/v2\/users\/139"}],"replies":[{"embeddable":true,"href":"https:\/\/espaconews.com\/de\/wp-json\/wp\/v2\/comments?post=1919"}],"version-history":[{"count":2,"href":"https:\/\/espaconews.com\/de\/wp-json\/wp\/v2\/pages\/1919\/revisions"}],"predecessor-version":[{"id":2370,"href":"https:\/\/espaconews.com\/de\/wp-json\/wp\/v2\/pages\/1919\/revisions\/2370"}],"wp:attachment":[{"href":"https:\/\/espaconews.com\/de\/wp-json\/wp\/v2\/media?parent=1919"}],"curies":[{"name":"wp","href":"https:\/\/api.w.org\/{rel}","templated":true}]}}