{"id":11,"date":"2023-12-14T16:06:34","date_gmt":"2023-12-14T19:06:34","guid":{"rendered":"https:\/\/67.222.158.10\/~espaconews\/?page_id=11"},"modified":"2025-07-21T15:11:15","modified_gmt":"2025-07-21T18:11:15","slug":"quienes-somos","status":"publish","type":"page","link":"https:\/\/espaconews.com\/de\/quienes-somos\/","title":{"rendered":"Wer wir sind"},"content":{"rendered":"<p>Willkommen bei Espa\u00e7o News, Ihrem Online-Ziel zum Erkunden der faszinierenden Welt der Technologie, Apps, interessanten Fakten und Tipps!<\/p>\n\n\n\n<p>Wir sind ein Team, das sich mit Leidenschaft f\u00fcr Innovation und Wissen einsetzt und sich der Bereitstellung ansprechender und informativer Inhalte f\u00fcr unsere Leser widmet.<\/p>\n\n\n\n<h2 class=\"wp-block-heading\"><strong>Mission<\/strong><\/h2>\n\n\n\n<p>Unsere Mission bei Espa\u00e7o News ist es, eine Plattform bereitzustellen, auf der Sie in die neuesten Technologietrends eintauchen, innovative Anwendungen entdecken und Ihre Neugier mit interessanten Informationen aus verschiedenen Bereichen befriedigen k\u00f6nnen.<\/p>\n\n\n\n<p>Wir m\u00f6chten Ihre vertrauensw\u00fcrdige Quelle f\u00fcr wertvolle Informationen und praktische Tipps sein, die Ihr digitales Leben spannender und effizienter machen.<\/p>\n\n\n\n<h2 class=\"wp-block-heading\"><strong>Was wir bieten<\/strong><\/h2>\n\n\n\n<ol>\n<li><strong>Neue Technologien:<\/strong>&nbsp;Bleiben Sie \u00fcber die neuesten Technologien auf dem Laufenden, von wissenschaftlichen Durchbr\u00fcchen bis hin zu den neuesten Ger\u00e4teinnovationen.<\/li>\n\n\n\n<li><strong>Tolle Apps:<\/strong>&nbsp;Entdecken Sie ausf\u00fchrliche Testberichte zu n\u00fctzlichen, unterhaltsamen und innovativen Apps, mit denen Sie das Beste aus Ihrem Ger\u00e4t herausholen k\u00f6nnen.<\/li>\n\n\n\n<li><strong>\u00dcberraschende Kuriosit\u00e4ten:<\/strong>&nbsp;Von lustigen Fakten bis hin zu faszinierenden Entdeckungen bietet unser Quizbereich eine informative und entspannende Reise.<\/li>\n\n\n\n<li><strong>Hilfreiche Tipps:<\/strong>&nbsp;Wir vereinfachen Ihr digitales Leben mit praktischen Ratschl\u00e4gen zu allen Themen, von der Ger\u00e4teoptimierung bis hin zu Tipps zur Erleichterung Ihres Alltags.<\/li>\n<\/ol>\n\n\n\n<h2 class=\"wp-block-heading\"><strong>Qualit\u00e4tsanspruch<\/strong><\/h2>\n\n\n\n<p>Wir bei Espa\u00e7o News glauben an qualitativ hochwertige Inhalte.<\/p>\n\n\n\n<p>Unser Redaktionsteam besteht aus Experten mit Leidenschaft f\u00fcr ihr jeweiliges Fachgebiet und stellt sicher, dass jeder Artikel gut recherchiert, aktuell und f\u00fcr unsere Leser relevant ist.<\/p>\n\n\n\n<h2 class=\"wp-block-heading\"><strong>Verbinden Sie sich mit uns<\/strong><\/h2>\n\n\n\n<p>Wir freuen uns, von Ihnen zu h\u00f6ren! Teilen Sie uns Ihre Ideen, Vorschl\u00e4ge oder Fragen mit. Unser Ziel ist es, eine interaktive und kollaborative Community zu schaffen, in der der Wissensaustausch gro\u00dfgeschrieben wird.<\/p>\n\n\n\n<p>Vielen Dank, dass Sie sich f\u00fcr Espa\u00e7o News als Ihre digitale Nachrichtenquelle entschieden haben. Wir freuen uns darauf, diese technologische Reise gemeinsam mit Ihnen anzutreten!<\/p>","protected":false},"excerpt":{"rendered":"<p>\u00a1Bienvenido a Espa\u00e7o News, tu destino en l\u00ednea para explorar el fascinante mundo de la tecnolog\u00eda, aplicaciones, datos curiosos y consejos! Somos un equipo apasionado por la innovaci\u00f3n y el conocimiento, dedicado a brindar contenido atractivo e informativo para nuestros lectores. Misi\u00f3n Nuestra misi\u00f3n en Espa\u00e7o News es proporcionar una plataforma donde puedas sumergirte en [&hellip;]<\/p>","protected":false},"author":139,"featured_media":0,"parent":0,"menu_order":0,"comment_status":"closed","ping_status":"closed","template":"","meta":{"footnotes":""},"yoast_head":"<!-- This site is optimized with the Yoast SEO plugin v23.3 - https:\/\/yoast.com\/wordpress\/plugins\/seo\/ -->\n<title>Quienes somos - Espa\u00e7o News<\/title>\n<meta name=\"robots\" content=\"index, follow, max-snippet:-1, max-image-preview:large, max-video-preview:-1\" \/>\n<link rel=\"canonical\" href=\"https:\/\/espaconews.com\/de\/quienes-somos\/\" \/>\n<meta property=\"og:locale\" content=\"de_DE\" \/>\n<meta property=\"og:type\" content=\"article\" \/>\n<meta property=\"og:title\" content=\"Quienes somos - Espa\u00e7o News\" \/>\n<meta property=\"og:description\" content=\"\u00a1Bienvenido a Espa\u00e7o News, tu destino en l\u00ednea para explorar el fascinante mundo de la tecnolog\u00eda, aplicaciones, datos curiosos y consejos! Somos un equipo apasionado por la innovaci\u00f3n y el conocimiento, dedicado a brindar contenido atractivo e informativo para nuestros lectores. Misi\u00f3n Nuestra misi\u00f3n en Espa\u00e7o News es proporcionar una plataforma donde puedas sumergirte en [&hellip;]\" \/>\n<meta property=\"og:url\" content=\"https:\/\/espaconews.com\/de\/quienes-somos\/\" \/>\n<meta property=\"og:site_name\" content=\"Espa\u00e7o News\" \/>\n<meta property=\"article:modified_time\" content=\"2025-07-21T18:11:15+00:00\" \/>\n<meta name=\"twitter:card\" content=\"summary_large_image\" \/>\n<meta name=\"twitter:label1\" content=\"Est. reading time\" \/>\n\t<meta name=\"twitter:data1\" content=\"2 Minuten\" \/>\n<script type=\"application\/ld+json\" class=\"yoast-schema-graph\">{\"@context\":\"https:\/\/schema.org\",\"@graph\":[{\"@type\":\"WebPage\",\"@id\":\"http:\/\/espaconews.com\/quienes-somos\/\",\"url\":\"http:\/\/espaconews.com\/quienes-somos\/\",\"name\":\"Quienes somos - Espa\u00e7o News\",\"isPartOf\":{\"@id\":\"http:\/\/espaconews.com\/#website\"},\"datePublished\":\"2023-12-14T19:06:34+00:00\",\"dateModified\":\"2025-07-21T18:11:15+00:00\",\"breadcrumb\":{\"@id\":\"http:\/\/espaconews.com\/quienes-somos\/#breadcrumb\"},\"inLanguage\":\"de-DE\",\"potentialAction\":[{\"@type\":\"ReadAction\",\"target\":[\"http:\/\/espaconews.com\/quienes-somos\/\"]}]},{\"@type\":\"BreadcrumbList\",\"@id\":\"http:\/\/espaconews.com\/quienes-somos\/#breadcrumb\",\"itemListElement\":[{\"@type\":\"ListItem\",\"position\":1,\"name\":\"Home\",\"item\":\"http:\/\/espaconews.com\/\"},{\"@type\":\"ListItem\",\"position\":2,\"name\":\"Quienes somos\"}]},{\"@type\":\"WebSite\",\"@id\":\"http:\/\/espaconews.com\/#website\",\"url\":\"http:\/\/espaconews.com\/\",\"name\":\"Espa\u00e7o News\",\"description\":\"\",\"potentialAction\":[{\"@type\":\"SearchAction\",\"target\":{\"@type\":\"EntryPoint\",\"urlTemplate\":\"http:\/\/espaconews.com\/?s={search_term_string}\"},\"query-input\":\"required name=search_term_string\"}],\"inLanguage\":\"de-DE\"}]}<\/script>\n<!-- \/ Yoast SEO plugin. -->","yoast_head_json":{"title":"Quienes somos - Espa\u00e7o News","robots":{"index":"index","follow":"follow","max-snippet":"max-snippet:-1","max-image-preview":"max-image-preview:large","max-video-preview":"max-video-preview:-1"},"canonical":"https:\/\/espaconews.com\/de\/quienes-somos\/","og_locale":"de_DE","og_type":"article","og_title":"Quienes somos - Espa\u00e7o News","og_description":"\u00a1Bienvenido a Espa\u00e7o News, tu destino en l\u00ednea para explorar el fascinante mundo de la tecnolog\u00eda, aplicaciones, datos curiosos y consejos! Somos un equipo apasionado por la innovaci\u00f3n y el conocimiento, dedicado a brindar contenido atractivo e informativo para nuestros lectores. Misi\u00f3n Nuestra misi\u00f3n en Espa\u00e7o News es proporcionar una plataforma donde puedas sumergirte en [&hellip;]","og_url":"https:\/\/espaconews.com\/de\/quienes-somos\/","og_site_name":"Espa\u00e7o News","article_modified_time":"2025-07-21T18:11:15+00:00","twitter_card":"summary_large_image","twitter_misc":{"Est. reading time":"2 Minuten"},"schema":{"@context":"https:\/\/schema.org","@graph":[{"@type":"WebPage","@id":"http:\/\/espaconews.com\/quienes-somos\/","url":"http:\/\/espaconews.com\/quienes-somos\/","name":"Quienes somos - Espa\u00e7o News","isPartOf":{"@id":"http:\/\/espaconews.com\/#website"},"datePublished":"2023-12-14T19:06:34+00:00","dateModified":"2025-07-21T18:11:15+00:00","breadcrumb":{"@id":"http:\/\/espaconews.com\/quienes-somos\/#breadcrumb"},"inLanguage":"de-DE","potentialAction":[{"@type":"ReadAction","target":["http:\/\/espaconews.com\/quienes-somos\/"]}]},{"@type":"BreadcrumbList","@id":"http:\/\/espaconews.com\/quienes-somos\/#breadcrumb","itemListElement":[{"@type":"ListItem","position":1,"name":"Home","item":"http:\/\/espaconews.com\/"},{"@type":"ListItem","position":2,"name":"Quienes somos"}]},{"@type":"WebSite","@id":"http:\/\/espaconews.com\/#website","url":"http:\/\/espaconews.com\/","name":"Espa\u00e7o News","description":"","potentialAction":[{"@type":"SearchAction","target":{"@type":"EntryPoint","urlTemplate":"http:\/\/espaconews.com\/?s={search_term_string}"},"query-input":"required name=search_term_string"}],"inLanguage":"de-DE"}]}},"_links":{"self":[{"href":"https:\/\/espaconews.com\/de\/wp-json\/wp\/v2\/pages\/11"}],"collection":[{"href":"https:\/\/espaconews.com\/de\/wp-json\/wp\/v2\/pages"}],"about":[{"href":"https:\/\/espaconews.com\/de\/wp-json\/wp\/v2\/types\/page"}],"author":[{"embeddable":true,"href":"https:\/\/espaconews.com\/de\/wp-json\/wp\/v2\/users\/139"}],"replies":[{"embeddable":true,"href":"https:\/\/espaconews.com\/de\/wp-json\/wp\/v2\/comments?post=11"}],"version-history":[{"count":1,"href":"https:\/\/espaconews.com\/de\/wp-json\/wp\/v2\/pages\/11\/revisions"}],"predecessor-version":[{"id":2371,"href":"https:\/\/espaconews.com\/de\/wp-json\/wp\/v2\/pages\/11\/revisions\/2371"}],"wp:attachment":[{"href":"https:\/\/espaconews.com\/de\/wp-json\/wp\/v2\/media?parent=11"}],"curies":[{"name":"wp","href":"https:\/\/api.w.org\/{rel}","templated":true}]}}